{"id":7207,"date":"2018-11-29T18:12:20","date_gmt":"2018-11-30T00:12:20","guid":{"rendered":"http:\/\/visitpatzcuaro.com\/?page_id=5869"},"modified":"2024-11-23T16:33:19","modified_gmt":"2024-11-23T22:33:19","slug":"prefacio","status":"publish","type":"page","link":"https:\/\/villapatzcuaro.com\/visitpatzcuaro\/prefacio\/","title":{"rendered":"Prefacio"},"content":{"rendered":"<p style=\"text-align: justify;\"><img decoding=\"async\" class=\"alignleft wp-image-7811 lazyload\" data-src=\"https:\/\/villapatzcuaro.com\/visitpatzcuaro\/wp-content\/smush-webp\/Arturo_Pimentel_Ramos_-copia-2.jpeg.webp\" alt=\"\" width=\"345\" height=\"500\" data-srcset=\"https:\/\/villapatzcuaro.com\/visitpatzcuaro\/wp-content\/smush-webp\/Arturo_Pimentel_Ramos_-copia-2.jpeg.webp 550w, https:\/\/villapatzcuaro.com\/visitpatzcuaro\/wp-content\/smush-webp\/Arturo_Pimentel_Ramos_-copia-2-207x300.jpeg.webp 207w, https:\/\/villapatzcuaro.com\/visitpatzcuaro\/wp-content\/smush-webp\/Arturo_Pimentel_Ramos_-copia-2-8x12.jpeg.webp 8w, https:\/\/villapatzcuaro.com\/visitpatzcuaro\/wp-content\/smush-webp\/Arturo_Pimentel_Ramos_-copia-2-104x150.jpeg.webp 104w\" data-sizes=\"(max-width: 345px) 100vw, 345px\" src=\"data:image\/svg+xml;base64,PHN2ZyB3aWR0aD0iMSIgaGVpZ2h0PSIxIiB4bWxucz0iaHR0cDovL3d3dy53My5vcmcvMjAwMC9zdmciPjwvc3ZnPg==\" style=\"--smush-placeholder-width: 345px; --smush-placeholder-aspect-ratio: 345\/500;\" data-smush-webp-fallback=\"{&quot;data-src&quot;:&quot;https:\\\/\\\/villapatzcuaro.com\\\/visitpatzcuaro\\\/wp-content\\\/uploads\\\/Arturo_Pimentel_Ramos_-copia-2.jpeg&quot;,&quot;data-srcset&quot;:&quot;https:\\\/\\\/villapatzcuaro.com\\\/visitpatzcuaro\\\/wp-content\\\/uploads\\\/Arturo_Pimentel_Ramos_-copia-2.jpeg 550w, https:\\\/\\\/villapatzcuaro.com\\\/visitpatzcuaro\\\/wp-content\\\/uploads\\\/Arturo_Pimentel_Ramos_-copia-2-207x300.jpeg 207w, https:\\\/\\\/villapatzcuaro.com\\\/visitpatzcuaro\\\/wp-content\\\/uploads\\\/Arturo_Pimentel_Ramos_-copia-2-8x12.jpeg 8w, https:\\\/\\\/villapatzcuaro.com\\\/visitpatzcuaro\\\/wp-content\\\/uploads\\\/Arturo_Pimentel_Ramos_-copia-2-104x150.jpeg 104w&quot;}\" \/>Cuando las obras humanas sobreviven a su creador y permanecen a\u00fan despu\u00e9s de su muerte, \u00e9stas se transforman en una proclama de su existencia.<\/p>\n<p style=\"text-align: justify;\">Es el hombre quien anuncia su paso por el mundo plasmando su huella a trav\u00e9s de acciones y vivencias cuyo valor radica en ser intensas y fugaces en el tiempo real, pero bellas y permanentes en el tiempo universal y adem\u00e1s, con la propiedad de ser apreciadas por otros seres humanos que a su vez ser\u00e1n influidos por lo que ven, oyen y sienten, para difundirlo y convertirlo en lo que llamamos Historia.<\/p>\n<p style=\"text-align: justify;\">Esto es el anuncio de vida de una ciudad singular, intensa y rica en personajes y vivencias: P\u00e1tzcuaro.<\/p>\n<p style=\"text-align: justify;\">El presente escrito se basa en historias, reflexiones, recuerdos, conceptos y m\u00e1ximas propias o provenientes de pensadores, fil\u00f3sofos, amigos y gente com\u00fan o de la tradici\u00f3n popular que he ido acumulando a lo largo de mi vida haci\u00e9ndolos m\u00edos.<\/p>\n<p style=\"text-align: justify;\">No siempre citar\u00e9 las fuentes de donde las he tomado porque en gran parte no las recuerdo.<\/p>\n<p style=\"text-align: justify;\">Muchos son conceptos personales, o que a fuerza de vivir con ellos, en eso se han transformado.<\/p>\n<p style=\"text-align: justify;\">Sin embargo, vaya el reconocimiento a todos aquellos, an\u00f3nimos o no, que de alguna manera influyeron en m\u00ed para realizar este sencillo, pero laborioso trabajo y un humilde homenaje a una de las culturas m\u00e1s grandes que ha dado M\u00e9xico y que merece ser rescatada del olvido.<\/p>\n<p style=\"text-align: center;\">Arturo Pimentel Ramos<br \/>\n<em>(1929 \u2013 2002)<\/em><\/p>\n","protected":false},"excerpt":{"rendered":"<p>Cuando las obras humanas sobreviven a su creador y permanecen a\u00fan despu\u00e9s de su muerte, \u00e9stas se transforman en una proclama de su existencia. Es el hombre quien anuncia su [&hellip;]<\/p>\n","protected":false},"author":1,"featured_media":7812,"parent":0,"menu_order":0,"comment_status":"closed","ping_status":"closed","template":"","meta":{"_crdt_document":"","_EventAllDay":false,"_EventTimezone":"","_EventStartDate":"","_EventEndDate":"","_EventStartDateUTC":"","_EventEndDateUTC":"","_EventShowMap":false,"_EventShowMapLink":false,"_EventURL":"","_EventCost":"","_EventCostDescription":"","_EventCurrencySymbol":"","_EventCurrencyCode":"","_EventCurrencyPosition":"","_EventDateTimeSeparator":"","_EventTimeRangeSeparator":"","_EventOrganizerID":[],"_EventVenueID":[],"_OrganizerEmail":"","_OrganizerPhone":"","_OrganizerWebsite":"","_VenueAddress":"","_VenueCity":"","_VenueCountry":"","_VenueProvince":"","_VenueState":"","_VenueZip":"","_VenuePhone":"","_VenueURL":"","_VenueStateProvince":"","_VenueLat":"","_VenueLng":"","_VenueShowMap":false,"_VenueShowMapLink":false,"_citadela_hide_page_title":"","_citadela_remove_header_space":"","_citadela_custom_class":"","_citadela_half_map_provider":"","_citadela_half_map_theme":"","_citadela_half_map_themeOSM":"","_citadela_half_map_customTheme":"","_citadela_half_map_dataType":"","_citadela_half_map_dynamicTrack":false,"_citadela_half_map_trackColor":"","_citadela_half_map_trackEndpointsColor":"","_citadela_half_map_filterCategory":"","_citadela_half_map_filterLocation":"","_citadela_half_map_filterFeatured":false,"_citadela_half_map_noDataBehavior":"empty-map","_citadela_half_map_noDataText":"","_citadela_half_map_clusterGridSize":80,"_citadela_header":false,"_citadela_header_over_content":false,"_citadela_header_text_color":"","_citadela_header_logo":[],"_citadela_header_bg_image":[],"_citadela_header_bg_position":[],"_citadela_header_bg_size":"","_citadela_header_bg_repeat":"","_citadela_header_bg_fixed":false,"_citadela_header_bg_color":"","_citadela_header_bg_image_overlay":"","_citadela_header_transparent_bg":false,"_citadela_content_width":"","_citadela_half_layout_position":"","footnotes":""},"class_list":["post-7207","page","type-page","status-publish","has-post-thumbnail","hentry"],"_links":{"self":[{"href":"https:\/\/villapatzcuaro.com\/visitpatzcuaro\/wp-json\/wp\/v2\/pages\/7207","targetHints":{"allow":["GET"]}}],"collection":[{"href":"https:\/\/villapatzcuaro.com\/visitpatzcuaro\/wp-json\/wp\/v2\/pages"}],"about":[{"href":"https:\/\/villapatzcuaro.com\/visitpatzcuaro\/wp-json\/wp\/v2\/types\/page"}],"author":[{"embeddable":true,"href":"https:\/\/villapatzcuaro.com\/visitpatzcuaro\/wp-json\/wp\/v2\/users\/1"}],"replies":[{"embeddable":true,"href":"https:\/\/villapatzcuaro.com\/visitpatzcuaro\/wp-json\/wp\/v2\/comments?post=7207"}],"version-history":[{"count":0,"href":"https:\/\/villapatzcuaro.com\/visitpatzcuaro\/wp-json\/wp\/v2\/pages\/7207\/revisions"}],"wp:featuredmedia":[{"embeddable":true,"href":"https:\/\/villapatzcuaro.com\/visitpatzcuaro\/wp-json\/wp\/v2\/media\/7812"}],"wp:attachment":[{"href":"https:\/\/villapatzcuaro.com\/visitpatzcuaro\/wp-json\/wp\/v2\/media?parent=7207"}],"curies":[{"name":"wp","href":"https:\/\/api.w.org\/{rel}","templated":true}]}}