{"id":6060,"date":"2018-12-10T23:27:33","date_gmt":"2018-12-11T05:27:33","guid":{"rendered":"http:\/\/visitpatzcuaro.com\/?page_id=6060"},"modified":"2025-01-21T08:52:31","modified_gmt":"2025-01-21T14:52:31","slug":"patzcuaro-artesanal","status":"publish","type":"page","link":"https:\/\/villapatzcuaro.com\/visitpatzcuaro\/patzcuaro-artesanal\/","title":{"rendered":"P\u00e1tzcuaro artesanal"},"content":{"rendered":"<p style=\"text-align: justify;\">En este rubro, P\u00e1tzcuaro &#8211; como centro comercial y cultural de la regi\u00f3n desde tiempos remotos -, es por excelencia un importante n\u00facleo de amplia producci\u00f3n artesanal, que incluye trabajos de madera que van desde juguetes, lacas y maques hasta muebles como sillas, comedores, puertas y ba\u00fales tallados, entre otros.<\/p>\n<p data-wp-editing=\"1\"><img decoding=\"async\" class=\"aligncenter wp-image-7088 lazyload\" data-src=\"https:\/\/villapatzcuaro.com\/visitpatzcuaro\/wp-content\/smush-webp\/Artesania_Michoacana1.jpg.webp\" alt=\"\" width=\"900\" height=\"675\" data-srcset=\"https:\/\/villapatzcuaro.com\/visitpatzcuaro\/wp-content\/smush-webp\/Artesania_Michoacana1.jpg.webp 1200w, https:\/\/villapatzcuaro.com\/visitpatzcuaro\/wp-content\/smush-webp\/Artesania_Michoacana1-16x12.jpg.webp 16w, https:\/\/villapatzcuaro.com\/visitpatzcuaro\/wp-content\/smush-webp\/Artesania_Michoacana1-300x225.jpg.webp 300w, https:\/\/villapatzcuaro.com\/visitpatzcuaro\/wp-content\/smush-webp\/Artesania_Michoacana1-768x576.jpg.webp 768w, https:\/\/villapatzcuaro.com\/visitpatzcuaro\/wp-content\/smush-webp\/Artesania_Michoacana1-1024x768.jpg.webp 1024w, https:\/\/villapatzcuaro.com\/visitpatzcuaro\/wp-content\/smush-webp\/Artesania_Michoacana1-640x480.jpg.webp 640w, https:\/\/villapatzcuaro.com\/visitpatzcuaro\/wp-content\/smush-webp\/Artesania_Michoacana1-900x675.jpg.webp 900w, https:\/\/villapatzcuaro.com\/visitpatzcuaro\/wp-content\/smush-webp\/Artesania_Michoacana1-150x113.jpg.webp 150w, https:\/\/villapatzcuaro.com\/visitpatzcuaro\/wp-content\/smush-webp\/Artesania_Michoacana1-480x360.jpg.webp 480w\" data-sizes=\"(max-width: 900px) 100vw, 900px\" src=\"data:image\/svg+xml;base64,PHN2ZyB3aWR0aD0iMSIgaGVpZ2h0PSIxIiB4bWxucz0iaHR0cDovL3d3dy53My5vcmcvMjAwMC9zdmciPjwvc3ZnPg==\" style=\"--smush-placeholder-width: 900px; --smush-placeholder-aspect-ratio: 900\/675;\" data-smush-webp-fallback=\"{&quot;data-src&quot;:&quot;https:\\\/\\\/villapatzcuaro.com\\\/visitpatzcuaro\\\/wp-content\\\/uploads\\\/Artesania_Michoacana1.jpg&quot;,&quot;data-srcset&quot;:&quot;https:\\\/\\\/villapatzcuaro.com\\\/visitpatzcuaro\\\/wp-content\\\/uploads\\\/Artesania_Michoacana1.jpg 1200w, https:\\\/\\\/villapatzcuaro.com\\\/visitpatzcuaro\\\/wp-content\\\/uploads\\\/Artesania_Michoacana1-16x12.jpg 16w, https:\\\/\\\/villapatzcuaro.com\\\/visitpatzcuaro\\\/wp-content\\\/uploads\\\/Artesania_Michoacana1-300x225.jpg 300w, https:\\\/\\\/villapatzcuaro.com\\\/visitpatzcuaro\\\/wp-content\\\/uploads\\\/Artesania_Michoacana1-768x576.jpg 768w, https:\\\/\\\/villapatzcuaro.com\\\/visitpatzcuaro\\\/wp-content\\\/uploads\\\/Artesania_Michoacana1-1024x768.jpg 1024w, https:\\\/\\\/villapatzcuaro.com\\\/visitpatzcuaro\\\/wp-content\\\/uploads\\\/Artesania_Michoacana1-640x480.jpg 640w, https:\\\/\\\/villapatzcuaro.com\\\/visitpatzcuaro\\\/wp-content\\\/uploads\\\/Artesania_Michoacana1-900x675.jpg 900w, https:\\\/\\\/villapatzcuaro.com\\\/visitpatzcuaro\\\/wp-content\\\/uploads\\\/Artesania_Michoacana1-150x113.jpg 150w, https:\\\/\\\/villapatzcuaro.com\\\/visitpatzcuaro\\\/wp-content\\\/uploads\\\/Artesania_Michoacana1-480x360.jpg 480w&quot;}\" \/><\/p>\n<p style=\"text-align: justify;\">Asimismo se trabaja el hierro forjado, hojalata, papel mach\u00e9, tejidos en lana como su\u00e9teres, zarapes, tapetes y alfombras con dise\u00f1os caracter\u00edsticos. Igualmente se elaboran productos hechos con fibras naturales que crecen en el lago y con henequ\u00e9n, que es tra\u00eddo de fuera y que se utiliza para fabricar tapetes, bolsas, manteles individuales y otras cosas.<\/p>\n<p style=\"text-align: justify;\">En cuanto a joyer\u00eda , se manufactura la tradicional Purh\u00e9pecha que consiste b\u00e1sicamente en dise\u00f1os que mezclan plata y coral rojo, aunque \u00faltimamente el coral se sustituye en ocasiones por porcelana roja. Los dise\u00f1os realizados corresponden principalmente a collares y aretes con representaciones de pescado blanco en plata y coral, canoas, cruces, monedas y distintos elementos.<\/p>\n<p><img decoding=\"async\" class=\"aligncenter wp-image-7092 lazyload\" data-src=\"https:\/\/villapatzcuaro.com\/visitpatzcuaro\/wp-content\/smush-webp\/Artesania_Michoacana5.jpg.webp\" alt=\"\" width=\"900\" height=\"675\" data-srcset=\"https:\/\/villapatzcuaro.com\/visitpatzcuaro\/wp-content\/smush-webp\/Artesania_Michoacana5.jpg.webp 1707w, https:\/\/villapatzcuaro.com\/visitpatzcuaro\/wp-content\/smush-webp\/Artesania_Michoacana5-16x12.jpg.webp 16w, https:\/\/villapatzcuaro.com\/visitpatzcuaro\/wp-content\/smush-webp\/Artesania_Michoacana5-300x225.jpg.webp 300w, https:\/\/villapatzcuaro.com\/visitpatzcuaro\/wp-content\/smush-webp\/Artesania_Michoacana5-768x576.jpg.webp 768w, https:\/\/villapatzcuaro.com\/visitpatzcuaro\/wp-content\/smush-webp\/Artesania_Michoacana5-1024x768.jpg.webp 1024w, https:\/\/villapatzcuaro.com\/visitpatzcuaro\/wp-content\/smush-webp\/Artesania_Michoacana5-1536x1152.jpg.webp 1536w, https:\/\/villapatzcuaro.com\/visitpatzcuaro\/wp-content\/smush-webp\/Artesania_Michoacana5-640x480.jpg.webp 640w, https:\/\/villapatzcuaro.com\/visitpatzcuaro\/wp-content\/smush-webp\/Artesania_Michoacana5-900x675.jpg.webp 900w, https:\/\/villapatzcuaro.com\/visitpatzcuaro\/wp-content\/smush-webp\/Artesania_Michoacana5-150x112.jpg.webp 150w, https:\/\/villapatzcuaro.com\/visitpatzcuaro\/wp-content\/smush-webp\/Artesania_Michoacana5-480x360.jpg.webp 480w\" data-sizes=\"(max-width: 900px) 100vw, 900px\" src=\"data:image\/svg+xml;base64,PHN2ZyB3aWR0aD0iMSIgaGVpZ2h0PSIxIiB4bWxucz0iaHR0cDovL3d3dy53My5vcmcvMjAwMC9zdmciPjwvc3ZnPg==\" style=\"--smush-placeholder-width: 900px; --smush-placeholder-aspect-ratio: 900\/675;\" data-smush-webp-fallback=\"{&quot;data-src&quot;:&quot;https:\\\/\\\/villapatzcuaro.com\\\/visitpatzcuaro\\\/wp-content\\\/uploads\\\/Artesania_Michoacana5.jpg&quot;,&quot;data-srcset&quot;:&quot;https:\\\/\\\/villapatzcuaro.com\\\/visitpatzcuaro\\\/wp-content\\\/uploads\\\/Artesania_Michoacana5.jpg 1707w, https:\\\/\\\/villapatzcuaro.com\\\/visitpatzcuaro\\\/wp-content\\\/uploads\\\/Artesania_Michoacana5-16x12.jpg 16w, https:\\\/\\\/villapatzcuaro.com\\\/visitpatzcuaro\\\/wp-content\\\/uploads\\\/Artesania_Michoacana5-300x225.jpg 300w, https:\\\/\\\/villapatzcuaro.com\\\/visitpatzcuaro\\\/wp-content\\\/uploads\\\/Artesania_Michoacana5-768x576.jpg 768w, https:\\\/\\\/villapatzcuaro.com\\\/visitpatzcuaro\\\/wp-content\\\/uploads\\\/Artesania_Michoacana5-1024x768.jpg 1024w, https:\\\/\\\/villapatzcuaro.com\\\/visitpatzcuaro\\\/wp-content\\\/uploads\\\/Artesania_Michoacana5-1536x1152.jpg 1536w, https:\\\/\\\/villapatzcuaro.com\\\/visitpatzcuaro\\\/wp-content\\\/uploads\\\/Artesania_Michoacana5-640x480.jpg 640w, https:\\\/\\\/villapatzcuaro.com\\\/visitpatzcuaro\\\/wp-content\\\/uploads\\\/Artesania_Michoacana5-900x675.jpg 900w, https:\\\/\\\/villapatzcuaro.com\\\/visitpatzcuaro\\\/wp-content\\\/uploads\\\/Artesania_Michoacana5-150x112.jpg 150w, https:\\\/\\\/villapatzcuaro.com\\\/visitpatzcuaro\\\/wp-content\\\/uploads\\\/Artesania_Michoacana5-480x360.jpg 480w&quot;}\" \/><\/p>\n<p style=\"text-align: justify;\">Sin embargo, uno de los principales productos manufacturados en la ciudad es la manta de algod\u00f3n crudo, la cual se colorea en vivos y contrastantes colores. Esta se elabora tambi\u00e9n en acril\u00e1n, pero la original y de mejor calidad es la de algod\u00f3n. Tambi\u00e9n es posible encontrar deshilados, bordados e indumentaria caracter\u00edsticos de la regi\u00f3n, como camisas de manta, rebozos y lo relacionado con las costumbres en el vestido Purh\u00e9pecha.<\/p>\n<p><img decoding=\"async\" class=\"aligncenter wp-image-7093 lazyload\" data-src=\"https:\/\/villapatzcuaro.com\/visitpatzcuaro\/wp-content\/smush-webp\/Artesania_Michoacana8.jpg.webp\" alt=\"\" width=\"900\" height=\"602\" data-srcset=\"https:\/\/villapatzcuaro.com\/visitpatzcuaro\/wp-content\/smush-webp\/Artesania_Michoacana8.jpg.webp 959w, https:\/\/villapatzcuaro.com\/visitpatzcuaro\/wp-content\/smush-webp\/Artesania_Michoacana8-18x12.jpg.webp 18w, https:\/\/villapatzcuaro.com\/visitpatzcuaro\/wp-content\/smush-webp\/Artesania_Michoacana8-300x201.jpg.webp 300w, https:\/\/villapatzcuaro.com\/visitpatzcuaro\/wp-content\/smush-webp\/Artesania_Michoacana8-768x513.jpg.webp 768w, https:\/\/villapatzcuaro.com\/visitpatzcuaro\/wp-content\/smush-webp\/Artesania_Michoacana8-900x602.jpg.webp 900w, https:\/\/villapatzcuaro.com\/visitpatzcuaro\/wp-content\/smush-webp\/Artesania_Michoacana8-150x100.jpg.webp 150w\" data-sizes=\"(max-width: 900px) 100vw, 900px\" src=\"data:image\/svg+xml;base64,PHN2ZyB3aWR0aD0iMSIgaGVpZ2h0PSIxIiB4bWxucz0iaHR0cDovL3d3dy53My5vcmcvMjAwMC9zdmciPjwvc3ZnPg==\" style=\"--smush-placeholder-width: 900px; --smush-placeholder-aspect-ratio: 900\/602;\" data-smush-webp-fallback=\"{&quot;data-src&quot;:&quot;https:\\\/\\\/villapatzcuaro.com\\\/visitpatzcuaro\\\/wp-content\\\/uploads\\\/Artesania_Michoacana8.jpg&quot;,&quot;data-srcset&quot;:&quot;https:\\\/\\\/villapatzcuaro.com\\\/visitpatzcuaro\\\/wp-content\\\/uploads\\\/Artesania_Michoacana8.jpg 959w, https:\\\/\\\/villapatzcuaro.com\\\/visitpatzcuaro\\\/wp-content\\\/uploads\\\/Artesania_Michoacana8-18x12.jpg 18w, https:\\\/\\\/villapatzcuaro.com\\\/visitpatzcuaro\\\/wp-content\\\/uploads\\\/Artesania_Michoacana8-300x201.jpg 300w, https:\\\/\\\/villapatzcuaro.com\\\/visitpatzcuaro\\\/wp-content\\\/uploads\\\/Artesania_Michoacana8-768x513.jpg 768w, https:\\\/\\\/villapatzcuaro.com\\\/visitpatzcuaro\\\/wp-content\\\/uploads\\\/Artesania_Michoacana8-900x602.jpg 900w, https:\\\/\\\/villapatzcuaro.com\\\/visitpatzcuaro\\\/wp-content\\\/uploads\\\/Artesania_Michoacana8-150x100.jpg 150w&quot;}\" \/><\/p>\n<p style=\"text-align: justify;\">Debido a su atm\u00f3sfera y a la tranquilidad de su entorno, P\u00e1tzcuaro tambi\u00e9n representa un refugio natural para todo tipo de artistas, por lo que es posible encontrar en las plazas, caf\u00e9s y galer\u00edas de la ciudad una amplia gama de pinturas y otros objetos que muestran a la propia ciudad como fuente de inspiraci\u00f3n.<\/p>\n<p style=\"text-align: justify;\">Tambi\u00e9n se cuenta con un reducido, pero selecto grupo de restauradores de bienes muebles e inmuebles cuyo profesionalismo y calidad es reconocido a nivel internacional.<\/p>\n<p style=\"text-align: justify;\">A lo mencionado anteriormente se agrega, por supuesto, la oferta de artesan\u00edas elaboradas en toda la regi\u00f3n lacustre, que concurre en P\u00e1tzcuaro e incrementa a\u00fan m\u00e1s la riqueza visual y cultural de la ciudad.<\/p>\n<p><img decoding=\"async\" class=\"aligncenter wp-image-7089 lazyload\" data-src=\"https:\/\/villapatzcuaro.com\/visitpatzcuaro\/wp-content\/smush-webp\/Artesania_Michoacana2.jpg.webp\" alt=\"\" width=\"900\" height=\"600\" data-srcset=\"https:\/\/villapatzcuaro.com\/visitpatzcuaro\/wp-content\/smush-webp\/Artesania_Michoacana2.jpg.webp 1000w, https:\/\/villapatzcuaro.com\/visitpatzcuaro\/wp-content\/smush-webp\/Artesania_Michoacana2-18x12.jpg.webp 18w, https:\/\/villapatzcuaro.com\/visitpatzcuaro\/wp-content\/smush-webp\/Artesania_Michoacana2-300x200.jpg.webp 300w, https:\/\/villapatzcuaro.com\/visitpatzcuaro\/wp-content\/smush-webp\/Artesania_Michoacana2-768x512.jpg.webp 768w, https:\/\/villapatzcuaro.com\/visitpatzcuaro\/wp-content\/smush-webp\/Artesania_Michoacana2-900x600.jpg.webp 900w, https:\/\/villapatzcuaro.com\/visitpatzcuaro\/wp-content\/smush-webp\/Artesania_Michoacana2-150x100.jpg.webp 150w\" data-sizes=\"(max-width: 900px) 100vw, 900px\" src=\"data:image\/svg+xml;base64,PHN2ZyB3aWR0aD0iMSIgaGVpZ2h0PSIxIiB4bWxucz0iaHR0cDovL3d3dy53My5vcmcvMjAwMC9zdmciPjwvc3ZnPg==\" style=\"--smush-placeholder-width: 900px; --smush-placeholder-aspect-ratio: 900\/600;\" data-smush-webp-fallback=\"{&quot;data-src&quot;:&quot;https:\\\/\\\/villapatzcuaro.com\\\/visitpatzcuaro\\\/wp-content\\\/uploads\\\/Artesania_Michoacana2.jpg&quot;,&quot;data-srcset&quot;:&quot;https:\\\/\\\/villapatzcuaro.com\\\/visitpatzcuaro\\\/wp-content\\\/uploads\\\/Artesania_Michoacana2.jpg 1000w, https:\\\/\\\/villapatzcuaro.com\\\/visitpatzcuaro\\\/wp-content\\\/uploads\\\/Artesania_Michoacana2-18x12.jpg 18w, https:\\\/\\\/villapatzcuaro.com\\\/visitpatzcuaro\\\/wp-content\\\/uploads\\\/Artesania_Michoacana2-300x200.jpg 300w, https:\\\/\\\/villapatzcuaro.com\\\/visitpatzcuaro\\\/wp-content\\\/uploads\\\/Artesania_Michoacana2-768x512.jpg 768w, https:\\\/\\\/villapatzcuaro.com\\\/visitpatzcuaro\\\/wp-content\\\/uploads\\\/Artesania_Michoacana2-900x600.jpg 900w, https:\\\/\\\/villapatzcuaro.com\\\/visitpatzcuaro\\\/wp-content\\\/uploads\\\/Artesania_Michoacana2-150x100.jpg 150w&quot;}\" \/><\/p>\n","protected":false},"excerpt":{"rendered":"<p>En este rubro, P\u00e1tzcuaro &#8211; como centro comercial y cultural de la regi\u00f3n desde tiempos remotos -, es por excelencia un importante n\u00facleo de amplia producci\u00f3n artesanal, que incluye trabajos [&hellip;]<\/p>\n","protected":false},"author":1,"featured_media":6062,"parent":0,"menu_order":0,"comment_status":"closed","ping_status":"open","template":"page-templates\/right-sidebar.php","meta":{"_crdt_document":"","_EventAllDay":false,"_EventTimezone":"","_EventStartDate":"","_EventEndDate":"","_EventStartDateUTC":"","_EventEndDateUTC":"","_EventShowMap":false,"_EventShowMapLink":false,"_EventURL":"","_EventCost":"","_EventCostDescription":"","_EventCurrencySymbol":"","_EventCurrencyCode":"","_EventCurrencyPosition":"","_EventDateTimeSeparator":"","_EventTimeRangeSeparator":"","_EventOrganizerID":[],"_EventVenueID":[],"_OrganizerEmail":"","_OrganizerPhone":"","_OrganizerWebsite":"","_VenueAddress":"","_VenueCity":"","_VenueCountry":"","_VenueProvince":"","_VenueState":"","_VenueZip":"","_VenuePhone":"","_VenueURL":"","_VenueStateProvince":"","_VenueLat":"","_VenueLng":"","_VenueShowMap":false,"_VenueShowMapLink":false,"_citadela_hide_page_title":"","_citadela_remove_header_space":"","_citadela_custom_class":"","_citadela_half_map_provider":"","_citadela_half_map_theme":"","_citadela_half_map_themeOSM":"","_citadela_half_map_customTheme":"","_citadela_half_map_dataType":"","_citadela_half_map_dynamicTrack":false,"_citadela_half_map_trackColor":"","_citadela_half_map_trackEndpointsColor":"","_citadela_half_map_filterCategory":"","_citadela_half_map_filterLocation":"","_citadela_half_map_filterFeatured":false,"_citadela_half_map_noDataBehavior":"empty-map","_citadela_half_map_noDataText":"","_citadela_half_map_clusterGridSize":80,"_citadela_header":false,"_citadela_header_over_content":false,"_citadela_header_text_color":"","_citadela_header_logo":[],"_citadela_header_bg_image":[],"_citadela_header_bg_position":[],"_citadela_header_bg_size":"","_citadela_header_bg_repeat":"","_citadela_header_bg_fixed":false,"_citadela_header_bg_color":"","_citadela_header_bg_image_overlay":"","_citadela_header_transparent_bg":false,"_citadela_content_width":"","_citadela_half_layout_position":"","footnotes":""},"class_list":["post-6060","page","type-page","status-publish","has-post-thumbnail","hentry"],"_links":{"self":[{"href":"https:\/\/villapatzcuaro.com\/visitpatzcuaro\/wp-json\/wp\/v2\/pages\/6060","targetHints":{"allow":["GET"]}}],"collection":[{"href":"https:\/\/villapatzcuaro.com\/visitpatzcuaro\/wp-json\/wp\/v2\/pages"}],"about":[{"href":"https:\/\/villapatzcuaro.com\/visitpatzcuaro\/wp-json\/wp\/v2\/types\/page"}],"author":[{"embeddable":true,"href":"https:\/\/villapatzcuaro.com\/visitpatzcuaro\/wp-json\/wp\/v2\/users\/1"}],"replies":[{"embeddable":true,"href":"https:\/\/villapatzcuaro.com\/visitpatzcuaro\/wp-json\/wp\/v2\/comments?post=6060"}],"version-history":[{"count":0,"href":"https:\/\/villapatzcuaro.com\/visitpatzcuaro\/wp-json\/wp\/v2\/pages\/6060\/revisions"}],"wp:featuredmedia":[{"embeddable":true,"href":"https:\/\/villapatzcuaro.com\/visitpatzcuaro\/wp-json\/wp\/v2\/media\/6062"}],"wp:attachment":[{"href":"https:\/\/villapatzcuaro.com\/visitpatzcuaro\/wp-json\/wp\/v2\/media?parent=6060"}],"curies":[{"name":"wp","href":"https:\/\/api.w.org\/{rel}","templated":true}]}}