{"id":5613,"date":"2018-11-25T22:32:37","date_gmt":"2018-11-26T04:32:37","guid":{"rendered":"http:\/\/visitpatzcuaro.com\/?page_id=5613"},"modified":"2026-03-08T13:01:29","modified_gmt":"2026-03-08T19:01:29","slug":"creditos","status":"publish","type":"page","link":"https:\/\/villapatzcuaro.com\/visitpatzcuaro\/creditos\/","title":{"rendered":"Cr\u00e9ditos"},"content":{"rendered":"\n<p class=\"has-text-align-center wp-block-paragraph\"><strong>Qui\u00e9nes Somos: Los Custodios del Relato<\/strong><\/p>\n\n\n\n<p class=\"has-text-align-center wp-block-paragraph\">Somos el espacio custodio dedicado a dignificar y narrar la vida cotidiana de la Ciudad Ra\u00edz.<\/p>\n\n\n\n<p class=\"has-text-align-center wp-block-paragraph\">Entre la sombra de los portales y el saber de nuestros artesanos, trazamos la ruta para el viajero consciente, revelando un P\u00e1tzcuaro que no se detiene en el tiempo, sino que florece en la hospitalidad y la verdad de quienes lo habitamos.<\/p>\n\n\n\n<p class=\"has-text-align-center wp-block-paragraph\">Este espacio es m\u00e1s que una gu\u00eda; es un homenaje vivo a la visi\u00f3n de <strong>Arturo Pimentel Ramos<\/strong>, autor original y primer Delegado Regional de Turismo. Su amor por Michoac\u00e1n es la br\u00fajula que sigue guiando nuestras recomendaciones.<\/p>\n\n\n\n<p class=\"has-text-align-center wp-block-paragraph\"><strong>Creemos que para ser un buen anfitri\u00f3n, primero hay que ser un guardi\u00e1n de la propia historia.<\/strong> En <strong>Visit P\u00e1tzcuaro<\/strong>, nuestra labor es ofrecer una mirada honesta y profunda a quienes buscan algo m\u00e1s que una postal superficial. <\/p>\n\n\n\n<p class=\"has-text-align-center wp-block-paragraph\">Entendemos que la identidad de nuestra regi\u00f3n le pertenece a su gente y a su tierra; por ello, nos dedicamos a contar nuestra historia desde adentro, con el rigor de quienes habitan la ra\u00edz y el respeto de quienes saben que lo aut\u00e9ntico no se improvisa ni se traslada.<\/p>\n\n\n\n<p class=\"has-text-align-center wp-block-paragraph\">Nuestra misi\u00f3n es acompa\u00f1ar al viajero consciente para que, m\u00e1s all\u00e1 de visitar, logre comprender el pulso de una regi\u00f3n que es origen y esencia de Michoac\u00e1n.<\/p>\n\n\n\n<hr class=\"wp-block-separator has-alpha-channel-opacity\"\/>\n\n\n<p style=\"text-align: center;\"><strong><br \/>Idea y Texto original:<\/strong> Arturo Pimentel Ramos (+)<\/p>\n<p style=\"text-align: center;\"><strong>Investigaci\u00f3n adicional, correcci\u00f3n de estilo, redacci\u00f3n final y dise\u00f1o web:<\/strong> J. Arturo Pimentel Mart\u00ednez.<\/p>\n<p style=\"text-align: center;\">Agradecemos la cooperaci\u00f3n y apoyo del Cronista de ciudad, <strong>Enrique Soto Gonz\u00e1lez<\/strong> (+) y de la Lic. en Restauraci\u00f3n <strong>Rafaela Luft D\u00e1valos<\/strong>, quienes gentilmente colaboraron en la revisi\u00f3n y correcci\u00f3n de algunos datos hist\u00f3ricos mencionados en esta gu\u00eda y la importante ayuda de <strong>Anne G. Harpe<\/strong>, de Micropix Graphics en Austin TX, quien revis\u00f3 y corrigi\u00f3 la traducci\u00f3n al ingl\u00e9s.<\/p>\n<p style=\"text-align: center;\"><strong>BIBLIOGRAF\u00cdA<\/strong> P\u00e1tzcuaro en Breve \/ Arturo Pimentel Ramos | P\u00e1tzcuaro \/ Manuel Toussaint \/ Edici\u00f3n facsimilar \/ 1992 \/ Gobierno del Estado de Michoac\u00e1n <strong>|<\/strong> Cat\u00e1logo de Monumentos y Sitios de la Regi\u00f3n Lacustre (tomo I) \/ Esperanza Ram\u00edrez Romero \/ 1986 \/ Gobierno del Estado de Michoac\u00e1n-Universidad Michoacana de San Nicol\u00e1s de Hidalgo <strong>|<\/strong> Enciclopedia Salvat \/ Salvat Editores, S.A. Espa\u00f1a. | La Voz de Michoac\u00e1n | El Sol de Morelia | Cantera Hoy | Michoac\u00e1n Hist\u00f3rico | INAH<\/p>\n<p style=\"text-align: center;\">Esta p\u00e1gina est\u00e1 dedicada a la presencia de <strong>Obdulia Mart\u00ednez Escobar<\/strong>, esposa y madre impulsora, y a la memoria de:<\/p>\n<table style=\"border-collapse: collapse; width: 100%;\">\n<tbody>\n<tr>\n<td style=\"width: 50%; text-align: center;\">\n<p><img decoding=\"async\" class=\"aligncenter wp-image-7811 lazyload\" data-src=\"https:\/\/villapatzcuaro.com\/visitpatzcuaro\/wp-content\/smush-webp\/Arturo_Pimentel_Ramos_-copia-2.jpeg.webp\" alt=\"\" width=\"300\" height=\"435\" data-srcset=\"https:\/\/villapatzcuaro.com\/visitpatzcuaro\/wp-content\/smush-webp\/Arturo_Pimentel_Ramos_-copia-2.jpeg.webp 550w, https:\/\/villapatzcuaro.com\/visitpatzcuaro\/wp-content\/smush-webp\/Arturo_Pimentel_Ramos_-copia-2-207x300.jpeg.webp 207w, https:\/\/villapatzcuaro.com\/visitpatzcuaro\/wp-content\/smush-webp\/Arturo_Pimentel_Ramos_-copia-2-8x12.jpeg.webp 8w, https:\/\/villapatzcuaro.com\/visitpatzcuaro\/wp-content\/smush-webp\/Arturo_Pimentel_Ramos_-copia-2-104x150.jpeg.webp 104w\" data-sizes=\"(max-width: 300px) 100vw, 300px\" src=\"data:image\/svg+xml;base64,PHN2ZyB3aWR0aD0iMSIgaGVpZ2h0PSIxIiB4bWxucz0iaHR0cDovL3d3dy53My5vcmcvMjAwMC9zdmciPjwvc3ZnPg==\" style=\"--smush-placeholder-width: 300px; --smush-placeholder-aspect-ratio: 300\/435;\" data-smush-webp-fallback=\"{&quot;data-src&quot;:&quot;https:\\\/\\\/villapatzcuaro.com\\\/visitpatzcuaro\\\/wp-content\\\/uploads\\\/Arturo_Pimentel_Ramos_-copia-2.jpeg&quot;,&quot;data-srcset&quot;:&quot;https:\\\/\\\/villapatzcuaro.com\\\/visitpatzcuaro\\\/wp-content\\\/uploads\\\/Arturo_Pimentel_Ramos_-copia-2.jpeg 550w, https:\\\/\\\/villapatzcuaro.com\\\/visitpatzcuaro\\\/wp-content\\\/uploads\\\/Arturo_Pimentel_Ramos_-copia-2-207x300.jpeg 207w, https:\\\/\\\/villapatzcuaro.com\\\/visitpatzcuaro\\\/wp-content\\\/uploads\\\/Arturo_Pimentel_Ramos_-copia-2-8x12.jpeg 8w, https:\\\/\\\/villapatzcuaro.com\\\/visitpatzcuaro\\\/wp-content\\\/uploads\\\/Arturo_Pimentel_Ramos_-copia-2-104x150.jpeg 104w&quot;}\" \/><\/p>\n<p>Arturo Pimentel Ramos <em>(1929 &#8211; 2002)\u00a0\u00a0<\/em><\/p>\n<\/td>\n<td style=\"width: 50%; text-align: center;\">\n<p><img decoding=\"async\" class=\"aligncenter wp-image-7820 lazyload\" data-src=\"https:\/\/villapatzcuaro.com\/visitpatzcuaro\/wp-content\/smush-webp\/Hernan_Pimentel_Martinez.jpeg.webp\" alt=\"\" width=\"300\" height=\"419\" data-srcset=\"https:\/\/villapatzcuaro.com\/visitpatzcuaro\/wp-content\/smush-webp\/Hernan_Pimentel_Martinez.jpeg.webp 1100w, https:\/\/villapatzcuaro.com\/visitpatzcuaro\/wp-content\/smush-webp\/Hernan_Pimentel_Martinez-215x300.jpeg.webp 215w, https:\/\/villapatzcuaro.com\/visitpatzcuaro\/wp-content\/smush-webp\/Hernan_Pimentel_Martinez-768x1072.jpeg.webp 768w, https:\/\/villapatzcuaro.com\/visitpatzcuaro\/wp-content\/smush-webp\/Hernan_Pimentel_Martinez-733x1024.jpeg.webp 733w, https:\/\/villapatzcuaro.com\/visitpatzcuaro\/wp-content\/smush-webp\/Hernan_Pimentel_Martinez-9x12.jpeg.webp 9w, https:\/\/villapatzcuaro.com\/visitpatzcuaro\/wp-content\/smush-webp\/Hernan_Pimentel_Martinez-900x1257.jpeg.webp 900w, https:\/\/villapatzcuaro.com\/visitpatzcuaro\/wp-content\/smush-webp\/Hernan_Pimentel_Martinez-107x150.jpeg.webp 107w\" data-sizes=\"(max-width: 300px) 100vw, 300px\" src=\"data:image\/svg+xml;base64,PHN2ZyB3aWR0aD0iMSIgaGVpZ2h0PSIxIiB4bWxucz0iaHR0cDovL3d3dy53My5vcmcvMjAwMC9zdmciPjwvc3ZnPg==\" style=\"--smush-placeholder-width: 300px; --smush-placeholder-aspect-ratio: 300\/419;\" data-smush-webp-fallback=\"{&quot;data-src&quot;:&quot;https:\\\/\\\/villapatzcuaro.com\\\/visitpatzcuaro\\\/wp-content\\\/uploads\\\/Hernan_Pimentel_Martinez.jpeg&quot;,&quot;data-srcset&quot;:&quot;https:\\\/\\\/villapatzcuaro.com\\\/visitpatzcuaro\\\/wp-content\\\/uploads\\\/Hernan_Pimentel_Martinez.jpeg 1100w, https:\\\/\\\/villapatzcuaro.com\\\/visitpatzcuaro\\\/wp-content\\\/uploads\\\/Hernan_Pimentel_Martinez-215x300.jpeg 215w, https:\\\/\\\/villapatzcuaro.com\\\/visitpatzcuaro\\\/wp-content\\\/uploads\\\/Hernan_Pimentel_Martinez-768x1072.jpeg 768w, https:\\\/\\\/villapatzcuaro.com\\\/visitpatzcuaro\\\/wp-content\\\/uploads\\\/Hernan_Pimentel_Martinez-733x1024.jpeg 733w, https:\\\/\\\/villapatzcuaro.com\\\/visitpatzcuaro\\\/wp-content\\\/uploads\\\/Hernan_Pimentel_Martinez-9x12.jpeg 9w, https:\\\/\\\/villapatzcuaro.com\\\/visitpatzcuaro\\\/wp-content\\\/uploads\\\/Hernan_Pimentel_Martinez-900x1257.jpeg 900w, https:\\\/\\\/villapatzcuaro.com\\\/visitpatzcuaro\\\/wp-content\\\/uploads\\\/Hernan_Pimentel_Martinez-107x150.jpeg 107w&quot;}\" \/><\/p>\n<p>Hern\u00e1n Pimentel Mart\u00ednez (<em>1972 &#8211; 2023<\/em>)<\/p>\n<\/td>\n<\/tr>\n<\/tbody>\n<\/table>","protected":false},"excerpt":{"rendered":"<p>Qui\u00e9nes Somos: Los Custodios del Relato Somos el espacio custodio dedicado a dignificar y narrar la vida cotidiana de la Ciudad Ra\u00edz. Entre la sombra de los portales y el [&hellip;]<\/p>\n","protected":false},"author":1,"featured_media":7818,"parent":0,"menu_order":0,"comment_status":"closed","ping_status":"closed","template":"","meta":{"_crdt_document":"","_EventAllDay":false,"_EventTimezone":"","_EventStartDate":"","_EventEndDate":"","_EventStartDateUTC":"","_EventEndDateUTC":"","_EventShowMap":false,"_EventShowMapLink":false,"_EventURL":"","_EventCost":"","_EventCostDescription":"","_EventCurrencySymbol":"","_EventCurrencyCode":"","_EventCurrencyPosition":"","_EventDateTimeSeparator":"","_EventTimeRangeSeparator":"","_EventOrganizerID":[],"_EventVenueID":[],"_OrganizerEmail":"","_OrganizerPhone":"","_OrganizerWebsite":"","_VenueAddress":"","_VenueCity":"","_VenueCountry":"","_VenueProvince":"","_VenueState":"","_VenueZip":"","_VenuePhone":"","_VenueURL":"","_VenueStateProvince":"","_VenueLat":"","_VenueLng":"","_VenueShowMap":false,"_VenueShowMapLink":false,"_citadela_hide_page_title":"","_citadela_remove_header_space":"","_citadela_custom_class":"","_citadela_half_map_provider":"","_citadela_half_map_theme":"","_citadela_half_map_themeOSM":"","_citadela_half_map_customTheme":"","_citadela_half_map_dataType":"","_citadela_half_map_dynamicTrack":false,"_citadela_half_map_trackColor":"","_citadela_half_map_trackEndpointsColor":"","_citadela_half_map_filterCategory":"","_citadela_half_map_filterLocation":"","_citadela_half_map_filterFeatured":false,"_citadela_half_map_noDataBehavior":"empty-map","_citadela_half_map_noDataText":"","_citadela_half_map_clusterGridSize":80,"_citadela_header":false,"_citadela_header_over_content":false,"_citadela_header_text_color":"","_citadela_header_logo":[],"_citadela_header_bg_image":[],"_citadela_header_bg_position":[],"_citadela_header_bg_size":"","_citadela_header_bg_repeat":"","_citadela_header_bg_fixed":false,"_citadela_header_bg_color":"","_citadela_header_bg_image_overlay":"","_citadela_header_transparent_bg":false,"_citadela_content_width":"","_citadela_half_layout_position":"","footnotes":""},"class_list":["post-5613","page","type-page","status-publish","has-post-thumbnail","hentry"],"_links":{"self":[{"href":"https:\/\/villapatzcuaro.com\/visitpatzcuaro\/wp-json\/wp\/v2\/pages\/5613","targetHints":{"allow":["GET"]}}],"collection":[{"href":"https:\/\/villapatzcuaro.com\/visitpatzcuaro\/wp-json\/wp\/v2\/pages"}],"about":[{"href":"https:\/\/villapatzcuaro.com\/visitpatzcuaro\/wp-json\/wp\/v2\/types\/page"}],"author":[{"embeddable":true,"href":"https:\/\/villapatzcuaro.com\/visitpatzcuaro\/wp-json\/wp\/v2\/users\/1"}],"replies":[{"embeddable":true,"href":"https:\/\/villapatzcuaro.com\/visitpatzcuaro\/wp-json\/wp\/v2\/comments?post=5613"}],"version-history":[{"count":0,"href":"https:\/\/villapatzcuaro.com\/visitpatzcuaro\/wp-json\/wp\/v2\/pages\/5613\/revisions"}],"wp:featuredmedia":[{"embeddable":true,"href":"https:\/\/villapatzcuaro.com\/visitpatzcuaro\/wp-json\/wp\/v2\/media\/7818"}],"wp:attachment":[{"href":"https:\/\/villapatzcuaro.com\/visitpatzcuaro\/wp-json\/wp\/v2\/media?parent=5613"}],"curies":[{"name":"wp","href":"https:\/\/api.w.org\/{rel}","templated":true}]}}