{"id":5348,"date":"2018-11-22T16:32:19","date_gmt":"2018-11-22T22:32:19","guid":{"rendered":"http:\/\/visitpatzcuaro.com\/?page_id=5348"},"modified":"2025-11-30T16:38:14","modified_gmt":"2025-11-30T22:38:14","slug":"escudo-de-armas_de_patzcuaro","status":"publish","type":"page","link":"https:\/\/villapatzcuaro.com\/visitpatzcuaro\/escudo-de-armas_de_patzcuaro\/","title":{"rendered":"Escudo de armas de P\u00e1tzcuaro"},"content":{"rendered":"\n<h2 class=\"wp-block-heading\">Historia y Significado (1553)<\/h2>\n\n\n\n<p class=\"wp-block-paragraph\"><strong>El T\u00edtulo de Ciudad (1553)<\/strong> La importancia de P\u00e1tzcuaro en la Nueva Espa\u00f1a fue reconocida oficialmente por la Corona el <strong>21 de julio de 1553<\/strong>. En esa fecha hist\u00f3rica, el Emperador <strong>Carlos V<\/strong>, Rey de Espa\u00f1a, concedi\u00f3 a P\u00e1tzcuaro el t\u00edtulo de &#8220;Ciudad de Mechuacan&#8221; y le otorg\u00f3 su propio <strong>Escudo de Armas<\/strong>.<\/p>\n\n\n\n<p class=\"wp-block-paragraph\">Este privilegio no era menor; confirmaba a P\u00e1tzcuaro como el coraz\u00f3n pol\u00edtico y religioso de la provincia, validando el proyecto de Don Vasco de Quiroga.<\/p>\n\n\n<div class=\"wp-block-image\">\n<figure class=\"aligncenter\"><img decoding=\"async\" data-src=\"https:\/\/villapatzcuaro.com\/visitpatzcuaro\/wp-content\/smush-webp\/EscudodearmasPatzcuaro.png.webp\" alt=\"\" src=\"data:image\/svg+xml;base64,PHN2ZyB3aWR0aD0iMSIgaGVpZ2h0PSIxIiB4bWxucz0iaHR0cDovL3d3dy53My5vcmcvMjAwMC9zdmciPjwvc3ZnPg==\" class=\"lazyload\" style=\"--smush-placeholder-width: 720px; --smush-placeholder-aspect-ratio: 720\/858;\" data-smush-webp-fallback=\"{&quot;data-src&quot;:&quot;https:\\\/\\\/villapatzcuaro.com\\\/visitpatzcuaro\\\/wp-content\\\/uploads\\\/EscudodearmasPatzcuaro.png&quot;}\" \/><\/figure>\n<\/div>\n\n\n<hr class=\"wp-block-separator has-alpha-channel-opacity is-style-wide\"\/>\n\n\n\n<p class=\"wp-block-paragraph\"><strong>Descripci\u00f3n Her\u00e1ldica<\/strong> El dise\u00f1o del escudo narra visualmente la geograf\u00eda y la fe del lugar. De acuerdo con la <strong>C\u00e9dula Real<\/strong> expedida en aquel entonces, la composici\u00f3n destaca los siguientes elementos que a\u00fan hoy nos definen:<\/p>\n\n\n\n<ol start=\"1\" class=\"wp-block-list\">\n<li><strong>El Entorno:<\/strong> En la base, &#8220;una laguna de agua de su color&#8221;, representando nuestro inconfundible Lago de P\u00e1tzcuaro.<\/li>\n\n\n\n<li><strong>La Fe:<\/strong> Sobre un pe\u00f1asco o isla, se alza una iglesia, s\u00edmbolo de la Catedral primitiva y la cabecera del obispado.<\/li>\n\n\n\n<li><strong>Los Guardianes:<\/strong> Flanqueando la iglesia, las figuras de los ap\u00f3stoles <strong>San Pedro y San Pablo<\/strong>, protectores de la ciudad.<\/li>\n\n\n\n<li><strong>El Borde:<\/strong> Frecuentemente enmarcado en azul y plata, colores que, seg\u00fan la tradici\u00f3n, aluden a la pureza mariana y a las aguas del lago.<\/li>\n<\/ol>\n\n\n\n<p class=\"wp-block-paragraph\">Hoy en d\u00eda, este escudo puede verse en diversos edificios oficiales y documentos, record\u00e1ndonos el linaje real de esta ciudad de calles empedradas y techos de teja.<\/p>\n\n\n\n<p class=\"wp-block-paragraph\">&nbsp;<\/p>\n","protected":false},"excerpt":{"rendered":"<p>Historia y Significado (1553) El T\u00edtulo de Ciudad (1553) La importancia de P\u00e1tzcuaro en la Nueva Espa\u00f1a fue reconocida oficialmente por la Corona el 21 de julio de 1553. En esa fecha hist\u00f3rica, el Emperador Carlos V, Rey de Espa\u00f1a, concedi\u00f3 a P\u00e1tzcuaro el t\u00edtulo de &#8220;Ciudad de Mechuacan&#8221; y le otorg\u00f3 su propio Escudo [&hellip;]<\/p>\n","protected":false},"author":1,"featured_media":7084,"parent":0,"menu_order":0,"comment_status":"closed","ping_status":"closed","template":"page-templates\/right-sidebar.php","meta":{"_crdt_document":"","_citadela_hide_page_title":"","_citadela_remove_header_space":"","_citadela_custom_class":"","_citadela_half_map_provider":"","_citadela_half_map_theme":"","_citadela_half_map_themeOSM":"","_citadela_half_map_customTheme":"","_citadela_half_map_dataType":"","_citadela_half_map_dynamicTrack":false,"_citadela_half_map_trackColor":"","_citadela_half_map_trackEndpointsColor":"","_citadela_half_map_filterCategory":"","_citadela_half_map_filterLocation":"","_citadela_half_map_filterFeatured":false,"_citadela_half_map_noDataBehavior":"empty-map","_citadela_half_map_noDataText":"","_citadela_half_map_clusterGridSize":80,"_citadela_header":false,"_citadela_header_over_content":false,"_citadela_header_text_color":"","_citadela_header_logo":[],"_citadela_header_bg_image":[],"_citadela_header_bg_position":[],"_citadela_header_bg_size":"","_citadela_header_bg_repeat":"","_citadela_header_bg_fixed":false,"_citadela_header_bg_color":"","_citadela_header_bg_image_overlay":"","_citadela_header_transparent_bg":false,"_citadela_content_width":"","_citadela_half_layout_position":"","footnotes":""},"class_list":["post-5348","page","type-page","status-publish","has-post-thumbnail","hentry"],"_links":{"self":[{"href":"https:\/\/villapatzcuaro.com\/visitpatzcuaro\/wp-json\/wp\/v2\/pages\/5348","targetHints":{"allow":["GET"]}}],"collection":[{"href":"https:\/\/villapatzcuaro.com\/visitpatzcuaro\/wp-json\/wp\/v2\/pages"}],"about":[{"href":"https:\/\/villapatzcuaro.com\/visitpatzcuaro\/wp-json\/wp\/v2\/types\/page"}],"author":[{"embeddable":true,"href":"https:\/\/villapatzcuaro.com\/visitpatzcuaro\/wp-json\/wp\/v2\/users\/1"}],"replies":[{"embeddable":true,"href":"https:\/\/villapatzcuaro.com\/visitpatzcuaro\/wp-json\/wp\/v2\/comments?post=5348"}],"version-history":[{"count":0,"href":"https:\/\/villapatzcuaro.com\/visitpatzcuaro\/wp-json\/wp\/v2\/pages\/5348\/revisions"}],"wp:featuredmedia":[{"embeddable":true,"href":"https:\/\/villapatzcuaro.com\/visitpatzcuaro\/wp-json\/wp\/v2\/media\/7084"}],"wp:attachment":[{"href":"https:\/\/villapatzcuaro.com\/visitpatzcuaro\/wp-json\/wp\/v2\/media?parent=5348"}],"curies":[{"name":"wp","href":"https:\/\/api.w.org\/{rel}","templated":true}]}}