{"id":6060,"date":"2018-12-10T23:27:33","date_gmt":"2018-12-11T05:27:33","guid":{"rendered":"http:\/\/visitpatzcuaro.com\/?page_id=6060"},"modified":"2025-01-21T08:52:31","modified_gmt":"2025-01-21T14:52:31","slug":"patzcuaro-artesanal","status":"publish","type":"page","link":"https:\/\/villapatzcuaro.com\/visitpatzcuaro\/en\/patzcuaro-artesanal\/","title":{"rendered":"Handicrafst in P\u00e1tzcuaro"},"content":{"rendered":"<p style=\"text-align: justify;\">In this respect, P\u00e1tzcuaro-as a commercial and cultural center of the region since distant times-, is a center par excellence of full arts production. This includes wood working\u2013 from toys, to laquerware, to furniture such as chairs, tables, doors and carved trunks, and everything in between.<\/p>\n<p data-wp-editing=\"1\"><img decoding=\"async\" class=\"aligncenter wp-image-7088 lazyload\" data-src=\"https:\/\/villapatzcuaro.com\/visitpatzcuaro\/wp-content\/smush-webp\/Artesania_Michoacana1.jpg.webp\" alt=\"\" width=\"900\" height=\"675\" data-srcset=\"https:\/\/villapatzcuaro.com\/visitpatzcuaro\/wp-content\/smush-webp\/Artesania_Michoacana1.jpg.webp 1200w, https:\/\/villapatzcuaro.com\/visitpatzcuaro\/wp-content\/smush-webp\/Artesania_Michoacana1-16x12.jpg.webp 16w, https:\/\/villapatzcuaro.com\/visitpatzcuaro\/wp-content\/smush-webp\/Artesania_Michoacana1-300x225.jpg.webp 300w, https:\/\/villapatzcuaro.com\/visitpatzcuaro\/wp-content\/smush-webp\/Artesania_Michoacana1-768x576.jpg.webp 768w, https:\/\/villapatzcuaro.com\/visitpatzcuaro\/wp-content\/smush-webp\/Artesania_Michoacana1-1024x768.jpg.webp 1024w, https:\/\/villapatzcuaro.com\/visitpatzcuaro\/wp-content\/smush-webp\/Artesania_Michoacana1-640x480.jpg.webp 640w, https:\/\/villapatzcuaro.com\/visitpatzcuaro\/wp-content\/smush-webp\/Artesania_Michoacana1-900x675.jpg.webp 900w, https:\/\/villapatzcuaro.com\/visitpatzcuaro\/wp-content\/smush-webp\/Artesania_Michoacana1-150x113.jpg.webp 150w, https:\/\/villapatzcuaro.com\/visitpatzcuaro\/wp-content\/smush-webp\/Artesania_Michoacana1-480x360.jpg.webp 480w\" data-sizes=\"(max-width: 900px) 100vw, 900px\" src=\"data:image\/svg+xml;base64,PHN2ZyB3aWR0aD0iMSIgaGVpZ2h0PSIxIiB4bWxucz0iaHR0cDovL3d3dy53My5vcmcvMjAwMC9zdmciPjwvc3ZnPg==\" style=\"--smush-placeholder-width: 900px; --smush-placeholder-aspect-ratio: 900\/675;\" data-smush-webp-fallback=\"{&quot;data-src&quot;:&quot;https:\\\/\\\/villapatzcuaro.com\\\/visitpatzcuaro\\\/wp-content\\\/uploads\\\/Artesania_Michoacana1.jpg&quot;,&quot;data-srcset&quot;:&quot;https:\\\/\\\/villapatzcuaro.com\\\/visitpatzcuaro\\\/wp-content\\\/uploads\\\/Artesania_Michoacana1.jpg 1200w, https:\\\/\\\/villapatzcuaro.com\\\/visitpatzcuaro\\\/wp-content\\\/uploads\\\/Artesania_Michoacana1-16x12.jpg 16w, https:\\\/\\\/villapatzcuaro.com\\\/visitpatzcuaro\\\/wp-content\\\/uploads\\\/Artesania_Michoacana1-300x225.jpg 300w, https:\\\/\\\/villapatzcuaro.com\\\/visitpatzcuaro\\\/wp-content\\\/uploads\\\/Artesania_Michoacana1-768x576.jpg 768w, https:\\\/\\\/villapatzcuaro.com\\\/visitpatzcuaro\\\/wp-content\\\/uploads\\\/Artesania_Michoacana1-1024x768.jpg 1024w, https:\\\/\\\/villapatzcuaro.com\\\/visitpatzcuaro\\\/wp-content\\\/uploads\\\/Artesania_Michoacana1-640x480.jpg 640w, https:\\\/\\\/villapatzcuaro.com\\\/visitpatzcuaro\\\/wp-content\\\/uploads\\\/Artesania_Michoacana1-900x675.jpg 900w, https:\\\/\\\/villapatzcuaro.com\\\/visitpatzcuaro\\\/wp-content\\\/uploads\\\/Artesania_Michoacana1-150x113.jpg 150w, https:\\\/\\\/villapatzcuaro.com\\\/visitpatzcuaro\\\/wp-content\\\/uploads\\\/Artesania_Michoacana1-480x360.jpg 480w&quot;}\" \/><\/p>\n<p style=\"text-align: justify;\">Likewise there is wrought iron, tin, paper mach\u00e9, and wool\u2013 woven and knitted sweaters, zarapes and rugs with characteristic designs. Of equal beauty are products made with reeds that grow around the lake, and with henequen, brought from outside P\u00e1tzcuaro and used to make small carpets, pouches, tablecloths and other things.<\/p>\n<p style=\"text-align: justify;\">As to jewelry, the traditional Purh\u00e9pecha style consists mainly of designs that mix silver and red coral, although lately the coral is often substituted by red porcelain. The designs are generally fashioned into necklaces and earrings with representations of white fish, canoes, crosses, coins and other elements.<\/p>\n<p><img decoding=\"async\" class=\"aligncenter wp-image-7092 lazyload\" data-src=\"https:\/\/villapatzcuaro.com\/visitpatzcuaro\/wp-content\/smush-webp\/Artesania_Michoacana5.jpg.webp\" alt=\"\" width=\"900\" height=\"675\" data-srcset=\"https:\/\/villapatzcuaro.com\/visitpatzcuaro\/wp-content\/smush-webp\/Artesania_Michoacana5.jpg.webp 1707w, https:\/\/villapatzcuaro.com\/visitpatzcuaro\/wp-content\/smush-webp\/Artesania_Michoacana5-16x12.jpg.webp 16w, https:\/\/villapatzcuaro.com\/visitpatzcuaro\/wp-content\/smush-webp\/Artesania_Michoacana5-300x225.jpg.webp 300w, https:\/\/villapatzcuaro.com\/visitpatzcuaro\/wp-content\/smush-webp\/Artesania_Michoacana5-768x576.jpg.webp 768w, https:\/\/villapatzcuaro.com\/visitpatzcuaro\/wp-content\/smush-webp\/Artesania_Michoacana5-1024x768.jpg.webp 1024w, https:\/\/villapatzcuaro.com\/visitpatzcuaro\/wp-content\/smush-webp\/Artesania_Michoacana5-1536x1152.jpg.webp 1536w, https:\/\/villapatzcuaro.com\/visitpatzcuaro\/wp-content\/smush-webp\/Artesania_Michoacana5-640x480.jpg.webp 640w, https:\/\/villapatzcuaro.com\/visitpatzcuaro\/wp-content\/smush-webp\/Artesania_Michoacana5-900x675.jpg.webp 900w, https:\/\/villapatzcuaro.com\/visitpatzcuaro\/wp-content\/smush-webp\/Artesania_Michoacana5-150x112.jpg.webp 150w, https:\/\/villapatzcuaro.com\/visitpatzcuaro\/wp-content\/smush-webp\/Artesania_Michoacana5-480x360.jpg.webp 480w\" data-sizes=\"(max-width: 900px) 100vw, 900px\" src=\"data:image\/svg+xml;base64,PHN2ZyB3aWR0aD0iMSIgaGVpZ2h0PSIxIiB4bWxucz0iaHR0cDovL3d3dy53My5vcmcvMjAwMC9zdmciPjwvc3ZnPg==\" style=\"--smush-placeholder-width: 900px; --smush-placeholder-aspect-ratio: 900\/675;\" data-smush-webp-fallback=\"{&quot;data-src&quot;:&quot;https:\\\/\\\/villapatzcuaro.com\\\/visitpatzcuaro\\\/wp-content\\\/uploads\\\/Artesania_Michoacana5.jpg&quot;,&quot;data-srcset&quot;:&quot;https:\\\/\\\/villapatzcuaro.com\\\/visitpatzcuaro\\\/wp-content\\\/uploads\\\/Artesania_Michoacana5.jpg 1707w, https:\\\/\\\/villapatzcuaro.com\\\/visitpatzcuaro\\\/wp-content\\\/uploads\\\/Artesania_Michoacana5-16x12.jpg 16w, https:\\\/\\\/villapatzcuaro.com\\\/visitpatzcuaro\\\/wp-content\\\/uploads\\\/Artesania_Michoacana5-300x225.jpg 300w, https:\\\/\\\/villapatzcuaro.com\\\/visitpatzcuaro\\\/wp-content\\\/uploads\\\/Artesania_Michoacana5-768x576.jpg 768w, https:\\\/\\\/villapatzcuaro.com\\\/visitpatzcuaro\\\/wp-content\\\/uploads\\\/Artesania_Michoacana5-1024x768.jpg 1024w, https:\\\/\\\/villapatzcuaro.com\\\/visitpatzcuaro\\\/wp-content\\\/uploads\\\/Artesania_Michoacana5-1536x1152.jpg 1536w, https:\\\/\\\/villapatzcuaro.com\\\/visitpatzcuaro\\\/wp-content\\\/uploads\\\/Artesania_Michoacana5-640x480.jpg 640w, https:\\\/\\\/villapatzcuaro.com\\\/visitpatzcuaro\\\/wp-content\\\/uploads\\\/Artesania_Michoacana5-900x675.jpg 900w, https:\\\/\\\/villapatzcuaro.com\\\/visitpatzcuaro\\\/wp-content\\\/uploads\\\/Artesania_Michoacana5-150x112.jpg 150w, https:\\\/\\\/villapatzcuaro.com\\\/visitpatzcuaro\\\/wp-content\\\/uploads\\\/Artesania_Michoacana5-480x360.jpg 480w&quot;}\" \/><\/p>\n<p style=\"text-align: justify;\">One of the primary manufactured commodities in the city is pure cotton fabric (and large tablecloths), dyed in bright and contrasting colors. This is made also in acrilan, but the original and the better quality is the pure cotton one. Also it is possible to find cut-work embroidery, stitchery, and clothing characteristic of the region, such as hand woven shirts, shawls and other items customary to the Purh\u00e9pecha way of dressing.<\/p>\n<p><img decoding=\"async\" class=\"aligncenter wp-image-7093 lazyload\" data-src=\"https:\/\/villapatzcuaro.com\/visitpatzcuaro\/wp-content\/smush-webp\/Artesania_Michoacana8.jpg.webp\" alt=\"\" width=\"900\" height=\"602\" data-srcset=\"https:\/\/villapatzcuaro.com\/visitpatzcuaro\/wp-content\/smush-webp\/Artesania_Michoacana8.jpg.webp 959w, https:\/\/villapatzcuaro.com\/visitpatzcuaro\/wp-content\/smush-webp\/Artesania_Michoacana8-18x12.jpg.webp 18w, https:\/\/villapatzcuaro.com\/visitpatzcuaro\/wp-content\/smush-webp\/Artesania_Michoacana8-300x201.jpg.webp 300w, https:\/\/villapatzcuaro.com\/visitpatzcuaro\/wp-content\/smush-webp\/Artesania_Michoacana8-768x513.jpg.webp 768w, https:\/\/villapatzcuaro.com\/visitpatzcuaro\/wp-content\/smush-webp\/Artesania_Michoacana8-900x602.jpg.webp 900w, https:\/\/villapatzcuaro.com\/visitpatzcuaro\/wp-content\/smush-webp\/Artesania_Michoacana8-150x100.jpg.webp 150w\" data-sizes=\"(max-width: 900px) 100vw, 900px\" src=\"data:image\/svg+xml;base64,PHN2ZyB3aWR0aD0iMSIgaGVpZ2h0PSIxIiB4bWxucz0iaHR0cDovL3d3dy53My5vcmcvMjAwMC9zdmciPjwvc3ZnPg==\" style=\"--smush-placeholder-width: 900px; --smush-placeholder-aspect-ratio: 900\/602;\" data-smush-webp-fallback=\"{&quot;data-src&quot;:&quot;https:\\\/\\\/villapatzcuaro.com\\\/visitpatzcuaro\\\/wp-content\\\/uploads\\\/Artesania_Michoacana8.jpg&quot;,&quot;data-srcset&quot;:&quot;https:\\\/\\\/villapatzcuaro.com\\\/visitpatzcuaro\\\/wp-content\\\/uploads\\\/Artesania_Michoacana8.jpg 959w, https:\\\/\\\/villapatzcuaro.com\\\/visitpatzcuaro\\\/wp-content\\\/uploads\\\/Artesania_Michoacana8-18x12.jpg 18w, https:\\\/\\\/villapatzcuaro.com\\\/visitpatzcuaro\\\/wp-content\\\/uploads\\\/Artesania_Michoacana8-300x201.jpg 300w, https:\\\/\\\/villapatzcuaro.com\\\/visitpatzcuaro\\\/wp-content\\\/uploads\\\/Artesania_Michoacana8-768x513.jpg 768w, https:\\\/\\\/villapatzcuaro.com\\\/visitpatzcuaro\\\/wp-content\\\/uploads\\\/Artesania_Michoacana8-900x602.jpg 900w, https:\\\/\\\/villapatzcuaro.com\\\/visitpatzcuaro\\\/wp-content\\\/uploads\\\/Artesania_Michoacana8-150x100.jpg 150w&quot;}\" \/><\/p>\n<p style=\"text-align: justify;\">Due to its atmosphere and the tranquillity of its environment, P\u00e1tzcuaro also represents a natural refuge for contemporary artists, so it is possible to find in the city's squares, cafes and galleries a wide range of paintings and other objects that show the city itself as a source of inspiration.<\/p>\n<p style=\"text-align: justify;\">Also, there exists in the city a small but select group of art restoration specialists, whose professionalism and quality is recognized internationally.<\/p>\n<p style=\"text-align: justify;\">To everything mentioned previously is added, of course, the handicrafts of all the lacustrine region, which converge in P\u00e1tzcuaro and contribute even more to the visual and cultural wealth of the city.<\/p>\n<p><img decoding=\"async\" class=\"aligncenter wp-image-7089 lazyload\" data-src=\"https:\/\/villapatzcuaro.com\/visitpatzcuaro\/wp-content\/smush-webp\/Artesania_Michoacana2.jpg.webp\" alt=\"\" width=\"900\" height=\"600\" data-srcset=\"https:\/\/villapatzcuaro.com\/visitpatzcuaro\/wp-content\/smush-webp\/Artesania_Michoacana2.jpg.webp 1000w, https:\/\/villapatzcuaro.com\/visitpatzcuaro\/wp-content\/smush-webp\/Artesania_Michoacana2-18x12.jpg.webp 18w, https:\/\/villapatzcuaro.com\/visitpatzcuaro\/wp-content\/smush-webp\/Artesania_Michoacana2-300x200.jpg.webp 300w, https:\/\/villapatzcuaro.com\/visitpatzcuaro\/wp-content\/smush-webp\/Artesania_Michoacana2-768x512.jpg.webp 768w, https:\/\/villapatzcuaro.com\/visitpatzcuaro\/wp-content\/smush-webp\/Artesania_Michoacana2-900x600.jpg.webp 900w, https:\/\/villapatzcuaro.com\/visitpatzcuaro\/wp-content\/smush-webp\/Artesania_Michoacana2-150x100.jpg.webp 150w\" data-sizes=\"(max-width: 900px) 100vw, 900px\" src=\"data:image\/svg+xml;base64,PHN2ZyB3aWR0aD0iMSIgaGVpZ2h0PSIxIiB4bWxucz0iaHR0cDovL3d3dy53My5vcmcvMjAwMC9zdmciPjwvc3ZnPg==\" style=\"--smush-placeholder-width: 900px; --smush-placeholder-aspect-ratio: 900\/600;\" data-smush-webp-fallback=\"{&quot;data-src&quot;:&quot;https:\\\/\\\/villapatzcuaro.com\\\/visitpatzcuaro\\\/wp-content\\\/uploads\\\/Artesania_Michoacana2.jpg&quot;,&quot;data-srcset&quot;:&quot;https:\\\/\\\/villapatzcuaro.com\\\/visitpatzcuaro\\\/wp-content\\\/uploads\\\/Artesania_Michoacana2.jpg 1000w, https:\\\/\\\/villapatzcuaro.com\\\/visitpatzcuaro\\\/wp-content\\\/uploads\\\/Artesania_Michoacana2-18x12.jpg 18w, https:\\\/\\\/villapatzcuaro.com\\\/visitpatzcuaro\\\/wp-content\\\/uploads\\\/Artesania_Michoacana2-300x200.jpg 300w, https:\\\/\\\/villapatzcuaro.com\\\/visitpatzcuaro\\\/wp-content\\\/uploads\\\/Artesania_Michoacana2-768x512.jpg 768w, https:\\\/\\\/villapatzcuaro.com\\\/visitpatzcuaro\\\/wp-content\\\/uploads\\\/Artesania_Michoacana2-900x600.jpg 900w, https:\\\/\\\/villapatzcuaro.com\\\/visitpatzcuaro\\\/wp-content\\\/uploads\\\/Artesania_Michoacana2-150x100.jpg 150w&quot;}\" \/><\/p>","protected":false},"excerpt":{"rendered":"<p>En este rubro, P\u00e1tzcuaro &#8211; como centro comercial y cultural de la regi\u00f3n desde tiempos remotos -, es por excelencia un importante n\u00facleo de amplia producci\u00f3n artesanal, que incluye trabajos [&hellip;]<\/p>\n","protected":false},"author":1,"featured_media":6062,"parent":0,"menu_order":0,"comment_status":"closed","ping_status":"open","template":"page-templates\/right-sidebar.php","meta":{"_crdt_document":"","_EventAllDay":false,"_EventTimezone":"","_EventStartDate":"","_EventEndDate":"","_EventStartDateUTC":"","_EventEndDateUTC":"","_EventShowMap":false,"_EventShowMapLink":false,"_EventURL":"","_EventCost":"","_EventCostDescription":"","_EventCurrencySymbol":"","_EventCurrencyCode":"","_EventCurrencyPosition":"","_EventDateTimeSeparator":"","_EventTimeRangeSeparator":"","_EventOrganizerID":[],"_EventVenueID":[],"_OrganizerEmail":"","_OrganizerPhone":"","_OrganizerWebsite":"","_VenueAddress":"","_VenueCity":"","_VenueCountry":"","_VenueProvince":"","_VenueState":"","_VenueZip":"","_VenuePhone":"","_VenueURL":"","_VenueStateProvince":"","_VenueLat":"","_VenueLng":"","_VenueShowMap":false,"_VenueShowMapLink":false,"_citadela_hide_page_title":"","_citadela_remove_header_space":"","_citadela_custom_class":"","_citadela_half_map_provider":"","_citadela_half_map_theme":"","_citadela_half_map_themeOSM":"","_citadela_half_map_customTheme":"","_citadela_half_map_dataType":"","_citadela_half_map_dynamicTrack":false,"_citadela_half_map_trackColor":"","_citadela_half_map_trackEndpointsColor":"","_citadela_half_map_filterCategory":"","_citadela_half_map_filterLocation":"","_citadela_half_map_filterFeatured":false,"_citadela_half_map_noDataBehavior":"empty-map","_citadela_half_map_noDataText":"","_citadela_half_map_clusterGridSize":80,"_citadela_header":false,"_citadela_header_over_content":false,"_citadela_header_text_color":"","_citadela_header_logo":[],"_citadela_header_bg_image":[],"_citadela_header_bg_position":[],"_citadela_header_bg_size":"","_citadela_header_bg_repeat":"","_citadela_header_bg_fixed":false,"_citadela_header_bg_color":"","_citadela_header_bg_image_overlay":"","_citadela_header_transparent_bg":false,"_citadela_content_width":"","_citadela_half_layout_position":"","footnotes":""},"class_list":["post-6060","page","type-page","status-publish","has-post-thumbnail","hentry"],"_links":{"self":[{"href":"https:\/\/villapatzcuaro.com\/visitpatzcuaro\/en\/wp-json\/wp\/v2\/pages\/6060","targetHints":{"allow":["GET"]}}],"collection":[{"href":"https:\/\/villapatzcuaro.com\/visitpatzcuaro\/en\/wp-json\/wp\/v2\/pages"}],"about":[{"href":"https:\/\/villapatzcuaro.com\/visitpatzcuaro\/en\/wp-json\/wp\/v2\/types\/page"}],"author":[{"embeddable":true,"href":"https:\/\/villapatzcuaro.com\/visitpatzcuaro\/en\/wp-json\/wp\/v2\/users\/1"}],"replies":[{"embeddable":true,"href":"https:\/\/villapatzcuaro.com\/visitpatzcuaro\/en\/wp-json\/wp\/v2\/comments?post=6060"}],"version-history":[{"count":0,"href":"https:\/\/villapatzcuaro.com\/visitpatzcuaro\/en\/wp-json\/wp\/v2\/pages\/6060\/revisions"}],"wp:featuredmedia":[{"embeddable":true,"href":"https:\/\/villapatzcuaro.com\/visitpatzcuaro\/en\/wp-json\/wp\/v2\/media\/6062"}],"wp:attachment":[{"href":"https:\/\/villapatzcuaro.com\/visitpatzcuaro\/en\/wp-json\/wp\/v2\/media?parent=6060"}],"curies":[{"name":"wp","href":"https:\/\/api.w.org\/{rel}","templated":true}]}}