{"id":5973,"date":"2018-12-04T14:07:07","date_gmt":"2018-12-04T20:07:07","guid":{"rendered":"http:\/\/visitpatzcuaro.com\/?page_id=5973"},"modified":"2025-11-01T16:34:30","modified_gmt":"2025-11-01T22:34:30","slug":"y-de-la-gastronomia","status":"publish","type":"page","link":"https:\/\/villapatzcuaro.com\/visitpatzcuaro\/en\/y-de-la-gastronomia\/","title":{"rendered":"And about gastronomy\u2026 P\u00e1tzcuaro: The Culinary Legacy of Humanity"},"content":{"rendered":"<p class=\"wp-block-paragraph\">The soul of this cuisine lies in the heritage of traditional cooks, guardians of ancestral techniques such as nixtamalization and cooking in clay pots and ovens, and copper pans, which maintain authenticity in every bite.&nbsp;<\/p>\n\n\n\n<h3 class=\"wp-block-heading\">I. Emblematic and ceremonial specialties<\/h3>\n\n\n\n<ul class=\"wp-block-list\">\n<li><p><b><a href=\"https:\/\/experienciapatzcuaro.com\/la-sopa-tarasca-de-patzcuaro-para-el-mundo\/\" target=\"_blank\" rel=\"noreferrer noopener\">Tarascan Soup (The Creation of P\u00e1tzcuaro)<\/a>:<\/b> Invented by a local chef, this soup is the symbol of Michoac\u00e1n's cuisine. It's a delicious combination of beans, tomatoes, and pasilla chiles, served with fried tortilla strips, avocado, cream, and cheese. It's a must-try appetizer.<\/p><\/li>\n\n\n\n<li><strong>Churipo and At\u00e1pakua (The Ceremonial Broths):<\/strong>\n<ul class=\"wp-block-list\">\n<li><strong><a href=\"https:\/\/experienciapatzcuaro.com\/churipo-sabor-ancestral-que-festeja-la-vida\/\" target=\"_blank\" rel=\"noreferrer noopener\">Churipo:<\/a><\/strong> Caldo de res o pollo, a menudo condimentado con chile rojo y xoconochtle. Se sirve tradicionalmente con <em>corundas<\/em> simple and is the ceremonial dish in many Pur\u00e9pecha festivals.<\/li>\n\n\n\n<li><strong>At\u00e1pakua:<\/strong> A type of ancient and thick mole, cooked with corn dough and spices, which serves as a base for stewing vegetables, mushrooms or meat.<\/li>\n<\/ul>\n<\/li>\n\n\n\n<li><p><b>Corundas and Uchepos (The Sacred Corn):<\/b> Corn is the fundamental base. <a href=\"https:\/\/experienciapatzcuaro.com\/las-corundas-el-sabor-de-la-tradicion\/\" target=\"_blank\" rel=\"noreferrer noopener\"><i>Corundas<\/i> <\/a>They are triangular tamales typical of the central area, while the <i><a href=\"https:\/\/experienciapatzcuaro.com\/el-uchepo-tamal-michoacano-que-cautiva-paladares\/\" target=\"_blank\" rel=\"noreferrer noopener\">Uchepos<\/a><\/i> They are sweet tamales made with fresh corn.<\/p><\/li>\n<\/ul>\n\n\n\n<h3 class=\"wp-block-heading\">II. Treasures of the Lake and High Popular Consumption<\/h3>\n\n\n\n<p class=\"wp-block-paragraph\">The region offers a vast repertoire that takes advantage of local ingredients and the tradition of feasting:<\/p>\n\n\n\n<ul class=\"wp-block-list\">\n<li><strong>Pozole and its Regional Varieties:<\/strong> A national dish with unique variations in the region. In addition to the traditional one. <strong><a href=\"https:\/\/experienciapatzcuaro.com\/pozole-michoacano-sabor-celebracion-y-tradicion\/\" target=\"_blank\" rel=\"noreferrer noopener\">pozole rojo<\/a><\/strong>, you can taste the <strong><a href=\"https:\/\/experienciapatzcuaro.com\/pozole-batido-el-espeso-secreto-ancestral-de-michoacan\/\" target=\"_blank\" rel=\"noreferrer noopener\">Pozole Batido<\/a><\/strong>, el <em>M\u00e1schuta<\/em> (made with black corn, beans and cilantro), and the distinctive<a href=\"https:\/\/experienciapatzcuaro.com\/pozole-de-trigo-el-sabor-secreto-de-michoacan-y-la-tradicion-de-quiroga\/\" target=\"_blank\" rel=\"noreferrer noopener\"> <strong>Quiroga Wheat Pozole<\/strong><\/a>, which takes advantage of other local grains.<\/li>\n\n\n\n<li><p><b>Market Enchiladas:<\/b> The <a href=\"https:\/\/experienciapatzcuaro.com\/enchiladas-placeras-el-sabor-inolvidable-de-patzcuaro-y-michoacan\/\" target=\"_blank\" rel=\"noreferrer noopener\">enchiladas michoacanas<\/a>, accompanied by chicken and potatoes, are a dish of <b>alt\u00edsimo consumo local<\/b>. They are especially enjoyed in dinner restaurants and in the <b>Municipal Market of P\u00e1tzcuaro<\/b>.<\/p><\/li>\n\n\n\n<li><p><b><a href=\"https:\/\/experienciapatzcuaro.com\/carnitas-michoacanas-platillo-considerado-por-expertos-como-el-mas-rico-del-mundo\/\" target=\"_blank\" rel=\"noreferrer noopener\">Carnitas<\/a> (Regional Reference):<\/b> Although Quiroga is famous, P\u00e1tzcuaro concentrates the best preparations of this dish of pork cooked in lard, a benchmark in the area.<\/p><\/li>\n\n\n\n<li><p><strong>Atole (A Universe of Flavors):<\/strong> Atole is essential to combat the cold of the plateau. The variety is immense: from the thick <strong><a href=\"https:\/\/experienciapatzcuaro.com\/un-viaje-sensorial-al-corazon-de-michoacan-el-atole-de-grano\/\" data-type=\"link\" data-id=\"https:\/\/experienciapatzcuaro.com\/un-viaje-sensorial-al-corazon-de-michoacan-el-atole-de-grano\/\" target=\"_blank\" rel=\"noreferrer noopener\">Atole de Grano<\/a><\/strong> (with tender corn and anise) until the <strong><a href=\"https:\/\/experienciapatzcuaro.com\/atole-de-chaqueta-deliciosa-bebida-negra-de-patzcuaro-y-janitzio\/\" target=\"_blank\" rel=\"noreferrer noopener\">Atole de Chaqueta<\/a><\/strong> (made with piloncillo and chocolate), going through fruity flavors such as blackberry, guava, pineapple, or the creamy atoles of cookie, cajeta, white or black.<\/p><\/li>\n\n\n\n<li><p><b>Fish from the Lake:<\/b> The lakeside tradition is manifested in dishes such as <b><a href=\"https:\/\/experienciapatzcuaro.com\/charales-de-patzcuaro-sabor-legendario-que-conquista-paladares\/\" data-type=\"link\" data-id=\"https:\/\/experienciapatzcuaro.com\/charales-de-patzcuaro-sabor-legendario-que-conquista-paladares\/\" target=\"_blank\" rel=\"noreferrer noopener\">Charales<\/a><\/b> (fried or in tacos), the <b>Whitefish<\/b> (battered or in garlic sauce) and the singular <b>Achoque<\/b>, an amphibian endemic to the lake.<\/p><\/li>\n<\/ul>\n\n\n\n<h3 class=\"wp-block-heading\">III. Interregional Culinary Routes (Flavors of the Magical Towns)<\/h3>\n\n\n\n<p class=\"wp-block-paragraph\">The P\u00e1tzcuaro region is the node that allows testing the specialties of the extended region:<\/p>\n\n\n\n<ul class=\"wp-block-list\">\n<li><p><b><a href=\"https:\/\/experienciapatzcuaro.com\/tortas-de-tostada-exotica-joya-culinaria-de-santa-clara-del-cobre-michoacan\/\" target=\"_blank\" rel=\"noreferrer noopener\">Torta de Tostada (Santa Clara del Cobre)<\/a>:<\/b> A bolillo filled with beans, cold cuts and, the special touch, a crispy tostada inside.<\/p><\/li>\n\n\n\n<li><p><b><a href=\"https:\/\/experienciapatzcuaro.com\/bola-de-pedernales-manjar-artesanal-que-cautiva-paladares\/\" target=\"_blank\" rel=\"noreferrer noopener\">Bola de Pedernales (Tac\u00e1mbaro)<\/a>:<\/b> A delicacy originating in Pedernales, in the municipality of Tac\u00e1mbaro, made with handmade tortillas and filled with beans, cheese and dried meat.<\/p><\/li>\n<\/ul>\n\n\n\n<h3 class=\"wp-block-heading\">IV. Desserts, Bakery and Cultural Heritage<\/h3>\n\n\n\n<ul class=\"wp-block-list\">\n<li><p><b><a href=\"https:\/\/experienciapatzcuaro.com\/patzcuaro-la-cuna-legendaria-de-la-nieve-de-pasta\/\" target=\"_blank\" rel=\"noreferrer noopener\">Nieve de Pasta<\/a>:<\/b> A unique and delicious dessert, distinctive of P\u00e1tzcuaro, which must be tried in the Plaza Vasco de Quiroga.<\/p><\/li>\n\n\n\n<li><p><b><a href=\"https:\/\/experienciapatzcuaro.com\/el-aroma-de-la-eternidad-origen-y-significado-del-pan-de-muerto-tesoro-de-michoacan\/\" target=\"_blank\" rel=\"noreferrer noopener\">Pan de Muerto Regional<\/a>:<\/b> During the season of the <a href=\"https:\/\/experienciapatzcuaro.com\/fiestadelasanimas\" target=\"_blank\" rel=\"noreferrer noopener\">Feast of Souls (Night of the Death)<\/a>, bread becomes a ritual, with a preparation and flavor unmistakable from Michoac\u00e1n.<\/p><\/li>\n\n\n\n<li><p><b>Other Desserts:<\/b> The pastry shop includes the famous <b>Chongos Zamoranos<\/b>, Fruit preserves and a wide variety of dulce de leche and preserves.<\/p><\/li>\n<\/ul>\n\n\n\n<blockquote class=\"wp-block-quote is-layout-flow wp-block-quote-is-layout-flow\">\n<p class=\"wp-block-paragraph\"><b>In summary:<\/b> The cuisine of the P\u00e1tzcuaro region is a living heritage that connects visitors to centuries of history. Each recipe tells a story of identity, resilience, and love for tradition, guaranteeing a unique sensory experience.<\/p>\n<\/blockquote>\n\n\n\n<p class=\"wp-block-paragraph\">For recipes and other gastronomic references, visit <a href=\"https:\/\/experienciapatzcuaro.com\/sabores-con-historia\" target=\"_blank\" rel=\"noreferrer noopener\"><strong>Experiencia P\u00e1tzcuaro<\/strong><\/a>.<\/p>","protected":false},"excerpt":{"rendered":"<p>El alma de esta cocina reside en la herencia de las cocineras y cocineros tradicionales, guardianes de t\u00e9cnicas ancestrales como la nixtamalizaci\u00f3n y la cocci\u00f3n en ollas y hornos de [&hellip;]<\/p>\n","protected":false},"author":1,"featured_media":5977,"parent":0,"menu_order":0,"comment_status":"closed","ping_status":"closed","template":"page-templates\/right-sidebar.php","meta":{"_crdt_document":"","_EventAllDay":false,"_EventTimezone":"","_EventStartDate":"","_EventEndDate":"","_EventStartDateUTC":"","_EventEndDateUTC":"","_EventShowMap":false,"_EventShowMapLink":false,"_EventURL":"","_EventCost":"","_EventCostDescription":"","_EventCurrencySymbol":"","_EventCurrencyCode":"","_EventCurrencyPosition":"","_EventDateTimeSeparator":"","_EventTimeRangeSeparator":"","_EventOrganizerID":[],"_EventVenueID":[],"_OrganizerEmail":"","_OrganizerPhone":"","_OrganizerWebsite":"","_VenueAddress":"","_VenueCity":"","_VenueCountry":"","_VenueProvince":"","_VenueState":"","_VenueZip":"","_VenuePhone":"","_VenueURL":"","_VenueStateProvince":"","_VenueLat":"","_VenueLng":"","_VenueShowMap":false,"_VenueShowMapLink":false,"_citadela_hide_page_title":"","_citadela_remove_header_space":"","_citadela_custom_class":"","_citadela_half_map_provider":"","_citadela_half_map_theme":"","_citadela_half_map_themeOSM":"","_citadela_half_map_customTheme":"","_citadela_half_map_dataType":"","_citadela_half_map_dynamicTrack":false,"_citadela_half_map_trackColor":"","_citadela_half_map_trackEndpointsColor":"","_citadela_half_map_filterCategory":"","_citadela_half_map_filterLocation":"","_citadela_half_map_filterFeatured":false,"_citadela_half_map_noDataBehavior":"empty-map","_citadela_half_map_noDataText":"","_citadela_half_map_clusterGridSize":80,"_citadela_header":false,"_citadela_header_over_content":false,"_citadela_header_text_color":"","_citadela_header_logo":[],"_citadela_header_bg_image":[],"_citadela_header_bg_position":{"x":0.5,"y":0.5},"_citadela_header_bg_size":"cover","_citadela_header_bg_repeat":"no-repeat","_citadela_header_bg_fixed":false,"_citadela_header_bg_color":"","_citadela_header_bg_image_overlay":"","_citadela_header_transparent_bg":false,"_citadela_content_width":"","_citadela_half_layout_position":"","footnotes":""},"class_list":["post-5973","page","type-page","status-publish","has-post-thumbnail","hentry"],"_links":{"self":[{"href":"https:\/\/villapatzcuaro.com\/visitpatzcuaro\/en\/wp-json\/wp\/v2\/pages\/5973","targetHints":{"allow":["GET"]}}],"collection":[{"href":"https:\/\/villapatzcuaro.com\/visitpatzcuaro\/en\/wp-json\/wp\/v2\/pages"}],"about":[{"href":"https:\/\/villapatzcuaro.com\/visitpatzcuaro\/en\/wp-json\/wp\/v2\/types\/page"}],"author":[{"embeddable":true,"href":"https:\/\/villapatzcuaro.com\/visitpatzcuaro\/en\/wp-json\/wp\/v2\/users\/1"}],"replies":[{"embeddable":true,"href":"https:\/\/villapatzcuaro.com\/visitpatzcuaro\/en\/wp-json\/wp\/v2\/comments?post=5973"}],"version-history":[{"count":0,"href":"https:\/\/villapatzcuaro.com\/visitpatzcuaro\/en\/wp-json\/wp\/v2\/pages\/5973\/revisions"}],"wp:featuredmedia":[{"embeddable":true,"href":"https:\/\/villapatzcuaro.com\/visitpatzcuaro\/en\/wp-json\/wp\/v2\/media\/5977"}],"wp:attachment":[{"href":"https:\/\/villapatzcuaro.com\/visitpatzcuaro\/en\/wp-json\/wp\/v2\/media?parent=5973"}],"curies":[{"name":"wp","href":"https:\/\/api.w.org\/{rel}","templated":true}]}}