{"id":5613,"date":"2018-11-25T22:32:37","date_gmt":"2018-11-26T04:32:37","guid":{"rendered":"http:\/\/visitpatzcuaro.com\/?page_id=5613"},"modified":"2026-03-08T13:01:29","modified_gmt":"2026-03-08T19:01:29","slug":"creditos","status":"publish","type":"page","link":"https:\/\/villapatzcuaro.com\/visitpatzcuaro\/en\/creditos\/","title":{"rendered":"Credits"},"content":{"rendered":"<p class=\"has-text-align-center wp-block-paragraph\"><strong>Who We Are: The Keepers of the Story<\/strong><\/p>\n\n\n\n<p class=\"has-text-align-center wp-block-paragraph\">We are the custodian space dedicated to dignifying and narrating the daily life of the Root City.<\/p>\n\n\n\n<p class=\"has-text-align-center wp-block-paragraph\">Among the shadow of the portals and the knowledge of our artisans, we trace the route for the conscious traveler, revealing a P\u00e1tzcuaro that does not stop in time, but flourishes in the hospitality and truth of those who inhabit it.<\/p>\n\n\n\n<p class=\"has-text-align-center wp-block-paragraph\">This space is more than a guide; it is a living tribute to the vision of <strong>Arturo Pimentel Ramos<\/strong>, original author and first Regional Tourism Delegate. His love for Michoac\u00e1n is the compass that continues to guide our recommendations.<\/p>\n\n\n\n<p class=\"has-text-align-center wp-block-paragraph\"><strong>We believe that to be a good host, one must first be a guardian of one's own history.<\/strong> In <strong>Visit P\u00e1tzcuaro<\/strong>, our job is to offer an honest and deep look to those who are looking for more than just a superficial postcard. <\/p>\n\n\n\n<p class=\"has-text-align-center wp-block-paragraph\">We understand that the identity of our region belongs to its people and its land; therefore, we dedicate ourselves to telling our story from within, with the rigor of those who inhabit the root and the respect of those who know that what is authentic cannot be improvised or moved.<\/p>\n\n\n\n<p class=\"has-text-align-center wp-block-paragraph\">Our mission is to accompany the conscious traveler so that, beyond visiting, they can understand the pulse of a region that is the origin and essence of Michoac\u00e1n.<\/p>\n\n\n\n<hr class=\"wp-block-separator has-alpha-channel-opacity\"\/>\n\n\n<p style=\"text-align: center;\"><strong><br \/>Idea and Original Text:<\/strong> Arturo Pimentel Ramos (+)<\/p>\n<p style=\"text-align: center;\"><strong>Additional research, copyediting, final writing and web design:<\/strong> J. Arturo Pimentel Mart\u00ednez.<\/p>\n<p style=\"text-align: center;\">We appreciate the cooperation and support of the City Chronicler, <strong>Enrique Soto Gonz\u00e1lez<\/strong> (+) and the restorer <strong>Rafaela Luft D\u00e1valos<\/strong>, who kindly collaborated in the review and correction of some historical data mentioned in this guide and the important help of <strong>Anne G. Harpe<\/strong>, of Micropix Graphics in Austin TX, who reviewed and corrected the English translation.<\/p>\n<p style=\"text-align: center;\" class=\"translation-block\"><strong>BIBLIOGRAPHY<\/strong> P\u00e1tzcuaro in Brief \/ Arturo Pimentel Ramos | P\u00e1tzcuaro \/ Manuel Toussaint \/ Facsimile Edition \/ 1992 \/ Government of the State of Michoac\u00e1n <strong>|<\/strong> Catalog of Monuments and Sites of the Lake Region (Volume I) \/ Esperanza Ram\u00edrez Romero \/ 1986 \/ Government of the State of Michoac\u00e1n-Michoac\u00e1n University of San Nicol\u00e1s de Hidalgo <strong>|<\/strong> Salvat Encyclopedia \/ Salvat Editores, S.A. Spain. | La Voz de Michoac\u00e1n | El Sol de Morelia | Cantera Hoy | Michoac\u00e1n Hist\u00f3rico | INAH<\/p>\n<p style=\"text-align: center;\">This page is dedicated to the presence of <strong>Obdulia Mart\u00ednez Escobar<\/strong>, wife and driving mother, and in memory of:<\/p>\n<table style=\"border-collapse: collapse; width: 100%;\">\n<tbody>\n<tr>\n<td style=\"width: 50%; text-align: center;\">\n<p><img decoding=\"async\" class=\"aligncenter wp-image-7811 lazyload\" data-src=\"https:\/\/villapatzcuaro.com\/visitpatzcuaro\/wp-content\/smush-webp\/Arturo_Pimentel_Ramos_-copia-2.jpeg.webp\" alt=\"\" width=\"300\" height=\"435\" data-srcset=\"https:\/\/villapatzcuaro.com\/visitpatzcuaro\/wp-content\/smush-webp\/Arturo_Pimentel_Ramos_-copia-2.jpeg.webp 550w, https:\/\/villapatzcuaro.com\/visitpatzcuaro\/wp-content\/smush-webp\/Arturo_Pimentel_Ramos_-copia-2-207x300.jpeg.webp 207w, https:\/\/villapatzcuaro.com\/visitpatzcuaro\/wp-content\/smush-webp\/Arturo_Pimentel_Ramos_-copia-2-8x12.jpeg.webp 8w, https:\/\/villapatzcuaro.com\/visitpatzcuaro\/wp-content\/smush-webp\/Arturo_Pimentel_Ramos_-copia-2-104x150.jpeg.webp 104w\" data-sizes=\"(max-width: 300px) 100vw, 300px\" src=\"data:image\/svg+xml;base64,PHN2ZyB3aWR0aD0iMSIgaGVpZ2h0PSIxIiB4bWxucz0iaHR0cDovL3d3dy53My5vcmcvMjAwMC9zdmciPjwvc3ZnPg==\" style=\"--smush-placeholder-width: 300px; --smush-placeholder-aspect-ratio: 300\/435;\" data-smush-webp-fallback=\"{&quot;data-src&quot;:&quot;https:\\\/\\\/villapatzcuaro.com\\\/visitpatzcuaro\\\/wp-content\\\/uploads\\\/Arturo_Pimentel_Ramos_-copia-2.jpeg&quot;,&quot;data-srcset&quot;:&quot;https:\\\/\\\/villapatzcuaro.com\\\/visitpatzcuaro\\\/wp-content\\\/uploads\\\/Arturo_Pimentel_Ramos_-copia-2.jpeg 550w, https:\\\/\\\/villapatzcuaro.com\\\/visitpatzcuaro\\\/wp-content\\\/uploads\\\/Arturo_Pimentel_Ramos_-copia-2-207x300.jpeg 207w, https:\\\/\\\/villapatzcuaro.com\\\/visitpatzcuaro\\\/wp-content\\\/uploads\\\/Arturo_Pimentel_Ramos_-copia-2-8x12.jpeg 8w, https:\\\/\\\/villapatzcuaro.com\\\/visitpatzcuaro\\\/wp-content\\\/uploads\\\/Arturo_Pimentel_Ramos_-copia-2-104x150.jpeg 104w&quot;}\" \/><\/p>\n<p>Arturo Pimentel Ramos <em>(1929 &#8211; 2002)\u00a0\u00a0<\/em><\/p>\n<\/td>\n<td style=\"width: 50%; text-align: center;\">\n<p><img decoding=\"async\" class=\"aligncenter wp-image-7820 lazyload\" data-src=\"https:\/\/villapatzcuaro.com\/visitpatzcuaro\/wp-content\/smush-webp\/Hernan_Pimentel_Martinez.jpeg.webp\" alt=\"\" width=\"300\" height=\"419\" data-srcset=\"https:\/\/villapatzcuaro.com\/visitpatzcuaro\/wp-content\/smush-webp\/Hernan_Pimentel_Martinez.jpeg.webp 1100w, https:\/\/villapatzcuaro.com\/visitpatzcuaro\/wp-content\/smush-webp\/Hernan_Pimentel_Martinez-215x300.jpeg.webp 215w, https:\/\/villapatzcuaro.com\/visitpatzcuaro\/wp-content\/smush-webp\/Hernan_Pimentel_Martinez-768x1072.jpeg.webp 768w, https:\/\/villapatzcuaro.com\/visitpatzcuaro\/wp-content\/smush-webp\/Hernan_Pimentel_Martinez-733x1024.jpeg.webp 733w, https:\/\/villapatzcuaro.com\/visitpatzcuaro\/wp-content\/smush-webp\/Hernan_Pimentel_Martinez-9x12.jpeg.webp 9w, https:\/\/villapatzcuaro.com\/visitpatzcuaro\/wp-content\/smush-webp\/Hernan_Pimentel_Martinez-900x1257.jpeg.webp 900w, https:\/\/villapatzcuaro.com\/visitpatzcuaro\/wp-content\/smush-webp\/Hernan_Pimentel_Martinez-107x150.jpeg.webp 107w\" data-sizes=\"(max-width: 300px) 100vw, 300px\" src=\"data:image\/svg+xml;base64,PHN2ZyB3aWR0aD0iMSIgaGVpZ2h0PSIxIiB4bWxucz0iaHR0cDovL3d3dy53My5vcmcvMjAwMC9zdmciPjwvc3ZnPg==\" style=\"--smush-placeholder-width: 300px; --smush-placeholder-aspect-ratio: 300\/419;\" data-smush-webp-fallback=\"{&quot;data-src&quot;:&quot;https:\\\/\\\/villapatzcuaro.com\\\/visitpatzcuaro\\\/wp-content\\\/uploads\\\/Hernan_Pimentel_Martinez.jpeg&quot;,&quot;data-srcset&quot;:&quot;https:\\\/\\\/villapatzcuaro.com\\\/visitpatzcuaro\\\/wp-content\\\/uploads\\\/Hernan_Pimentel_Martinez.jpeg 1100w, https:\\\/\\\/villapatzcuaro.com\\\/visitpatzcuaro\\\/wp-content\\\/uploads\\\/Hernan_Pimentel_Martinez-215x300.jpeg 215w, https:\\\/\\\/villapatzcuaro.com\\\/visitpatzcuaro\\\/wp-content\\\/uploads\\\/Hernan_Pimentel_Martinez-768x1072.jpeg 768w, https:\\\/\\\/villapatzcuaro.com\\\/visitpatzcuaro\\\/wp-content\\\/uploads\\\/Hernan_Pimentel_Martinez-733x1024.jpeg 733w, https:\\\/\\\/villapatzcuaro.com\\\/visitpatzcuaro\\\/wp-content\\\/uploads\\\/Hernan_Pimentel_Martinez-9x12.jpeg 9w, https:\\\/\\\/villapatzcuaro.com\\\/visitpatzcuaro\\\/wp-content\\\/uploads\\\/Hernan_Pimentel_Martinez-900x1257.jpeg 900w, https:\\\/\\\/villapatzcuaro.com\\\/visitpatzcuaro\\\/wp-content\\\/uploads\\\/Hernan_Pimentel_Martinez-107x150.jpeg 107w&quot;}\" \/><\/p>\n<p>Hern\u00e1n Pimentel Mart\u00ednez (<em>1972 &#8211; 2023<\/em>)<\/p>\n<\/td>\n<\/tr>\n<\/tbody>\n<\/table>","protected":false},"excerpt":{"rendered":"<p>Qui\u00e9nes Somos: Los Custodios del Relato Somos el espacio custodio dedicado a dignificar y narrar la vida cotidiana de la Ciudad Ra\u00edz. Entre la sombra de los portales y el saber de nuestros artesanos, trazamos la ruta para el viajero consciente, revelando un P\u00e1tzcuaro que no se detiene en el tiempo, sino que florece en [&hellip;]<\/p>\n","protected":false},"author":1,"featured_media":7818,"parent":0,"menu_order":0,"comment_status":"closed","ping_status":"closed","template":"","meta":{"_crdt_document":"","_citadela_hide_page_title":"","_citadela_remove_header_space":"","_citadela_custom_class":"","_citadela_half_map_provider":"","_citadela_half_map_theme":"","_citadela_half_map_themeOSM":"","_citadela_half_map_customTheme":"","_citadela_half_map_dataType":"","_citadela_half_map_dynamicTrack":false,"_citadela_half_map_trackColor":"","_citadela_half_map_trackEndpointsColor":"","_citadela_half_map_filterCategory":"","_citadela_half_map_filterLocation":"","_citadela_half_map_filterFeatured":false,"_citadela_half_map_noDataBehavior":"empty-map","_citadela_half_map_noDataText":"","_citadela_half_map_clusterGridSize":80,"_citadela_header":false,"_citadela_header_over_content":false,"_citadela_header_text_color":"","_citadela_header_logo":[],"_citadela_header_bg_image":[],"_citadela_header_bg_position":[],"_citadela_header_bg_size":"","_citadela_header_bg_repeat":"","_citadela_header_bg_fixed":false,"_citadela_header_bg_color":"","_citadela_header_bg_image_overlay":"","_citadela_header_transparent_bg":false,"_citadela_content_width":"","_citadela_half_layout_position":"","footnotes":""},"class_list":["post-5613","page","type-page","status-publish","has-post-thumbnail","hentry"],"_links":{"self":[{"href":"https:\/\/villapatzcuaro.com\/visitpatzcuaro\/en\/wp-json\/wp\/v2\/pages\/5613","targetHints":{"allow":["GET"]}}],"collection":[{"href":"https:\/\/villapatzcuaro.com\/visitpatzcuaro\/en\/wp-json\/wp\/v2\/pages"}],"about":[{"href":"https:\/\/villapatzcuaro.com\/visitpatzcuaro\/en\/wp-json\/wp\/v2\/types\/page"}],"author":[{"embeddable":true,"href":"https:\/\/villapatzcuaro.com\/visitpatzcuaro\/en\/wp-json\/wp\/v2\/users\/1"}],"replies":[{"embeddable":true,"href":"https:\/\/villapatzcuaro.com\/visitpatzcuaro\/en\/wp-json\/wp\/v2\/comments?post=5613"}],"version-history":[{"count":0,"href":"https:\/\/villapatzcuaro.com\/visitpatzcuaro\/en\/wp-json\/wp\/v2\/pages\/5613\/revisions"}],"wp:featuredmedia":[{"embeddable":true,"href":"https:\/\/villapatzcuaro.com\/visitpatzcuaro\/en\/wp-json\/wp\/v2\/media\/7818"}],"wp:attachment":[{"href":"https:\/\/villapatzcuaro.com\/visitpatzcuaro\/en\/wp-json\/wp\/v2\/media?parent=5613"}],"curies":[{"name":"wp","href":"https:\/\/api.w.org\/{rel}","templated":true}]}}