{"id":5146,"date":"2026-04-17T20:58:03","date_gmt":"2026-04-18T02:58:03","guid":{"rendered":"https:\/\/villapatzcuaro.com\/?page_id=5146"},"modified":"2026-04-17T21:16:14","modified_gmt":"2026-04-18T03:16:14","slug":"reglamento-rv-park","status":"publish","type":"page","link":"https:\/\/villapatzcuaro.com\/en\/reglamento-rv-park\/","title":{"rendered":"Reglamento y pol\u00edticas del RV Park"},"content":{"rendered":"<p class=\"has-text-align-center\">Informaci\u00f3n completa para una estancia ordenada y tranquila<\/p>\n\n\n\n<hr class=\"wp-block-separator has-alpha-channel-opacity\"\/>\n\n\n\n<p class=\"has-text-align-center\"><strong>Este reglamento forma parte de la experiencia del RV Park.<br>Si a\u00fan no conoces el espacio, puedes verlo aqu\u00ed:<\/strong><\/p>\n\n\n\n<p class=\"has-text-align-center has-large-font-size\"><br><strong><a href=\"https:\/\/villapatzcuaro.com\/en\/rv-park\/\">\ud83d\udc49 Ver RV Park<\/a><\/strong><\/p>\n\n\n\n<hr class=\"wp-block-separator has-alpha-channel-opacity\"\/>\n\n\n\n<h2 class=\"wp-block-heading has-text-align-center has-black-color has-text-color\">Reglas b\u00e1sicas de convivencia<\/h2>\n\n\n<div id=\"elm-text-_e79858270a2d2a\" class=\"elm-text\">\n<div class=\"entry-content\">\n<p style=\"text-align: justify;\" align=\"justify\">This is a place focused on rest, for this reason silence acquires a particular value. <strong>NO<\/strong> No type of promotion or special discount is offered for minors and parents or guardians of minors are asked to speak with them about respect for the environment and animals, since any type of behavior that alters the tranquility of the place or that attacks the flora or fauna at hotel property. is not accepted.<\/p>\n<ul class=\"ait-sc-lists line style4 layout-half\" style=\"text-align: justify;\">\n<li style=\"text-align: justify;\">Guests must register on date of arrival for anticipated length of stay.  Check-out time 1:00 pm, check-in time 3:00 pm.  Additional days must be paid for by 10:00 am on date of originally scheduled day of departure.<\/li>\n<li style=\"text-align: justify;\">Please notify the Park Host if you intend to leave your camp site for more than 24 hours.<\/li>\n<li style=\"text-align: justify;\">Speed limit 5 m.p.h. \u2014 please help us keep the dust down. Quiet hours: 11:00 pm to 8:00 am (no generators, loud music or TV., etc.). Your consideration of fellow campers will be appreciated at all times of the day. Generator operation is limited to 30 minutes at a time.<\/li>\n<li style=\"text-align: justify;\">Generator operation is limited to 30 minutes at a time.<\/li>\n<li style=\"text-align: justify;\">While A\/C or heat is in use, ALL windows and doors to RV \/ Tents \/ Pop-up Campers are to be closed.<\/li>\n<li>BBQ\u2019s are allowed. Campfires are prohibited at all.<\/li>\n<li><span style=\"text-decoration: underline;\"><strong>ALL pets must be on a leash that prevents them from moving freely. Cleaning up their excrement is MANDATORY and the responsibility of their owners.<\/strong><\/span><\/li>\n<li>Use of the pool is NOT allowed after 6:00 PM or before 10:00 AM<\/li>\n<li>Please do not disturb the native vegetation and fauna.<\/li>\n<li>No washing of vehicles or any unnecessary use of water.<\/li>\n<li>No wastewater or gray water shall be dumped on the ground.<\/li>\n<li>Motorcycles allowed for ingress or egress only.<\/li>\n<li>It is the responsibility of each person to care for their belongings and\/or devices placed outside the vehicles.<\/li>\n<li>Not responsible for damage or accidents.<\/li>\n<li>No loud noise or loud music<\/li>\n<li>Be courteous and keep your area clean.<\/li>\n<li>No permanent fixtures such as wood or metal canopies, sheds, etc. allowed<\/li>\n<li>No dangerous inflammables or explosives.<\/li>\n<li>Rates are subject to change if the A\/C or heat rules are not carried out<\/li>\n<\/ul>\n<\/div>\n<\/div>\n\n\n<hr class=\"wp-block-separator has-alpha-channel-opacity is-style-wide\"\/>\n\n\n\n<h2 class=\"wp-block-heading has-text-align-center has-black-color has-text-color\">Sabemos que muchos viajeros no van solos.<\/h2>\n\n\n<p style=\"text-align: center;\"><strong>El RV PARK VILLA P\u00c1TZCUARO las mascotas son bienvenidas, cuidando siempre el entorno y la tranquilidad de todos.<\/strong><\/p>\n<ul class=\"ait-sc-lists line style6 layout-half\">\n<li style=\"text-align: justify;\">Upon your arrive, please let us know at the moment that you are traveling with your pet and it info.<\/li>\n<li style=\"text-align: justify;\">Your pet must have an updated vaccination card.<\/li>\n<li style=\"text-align: justify;\">All pet must have their own bed and cage.<\/li>\n<li style=\"text-align: justify;\">To leave ot enter RV facilities, WITH NO EXCEPTION yor pet must be kept on a leash or tie.<\/li>\n<li style=\"text-align: justify;\">WITHOUT EXCEPTION you must always keep your pet on a short leash with a collar and leash in good condition in any area of \u200b\u200bthe hotel &amp; RV property.<\/li>\n<li style=\"text-align: justify;\">All pets must be ALWAYS under their owner\u2019s supervision.<\/li>\n<li style=\"text-align: justify;\">The pet is NOT allowed to climb and seat on the sofas or any furniture.<\/li>\n<li style=\"text-align: justify;\">It\u2019s no allowed, for no reason at all, to leave the pet alone in the RV.<\/li>\n<li style=\"text-align: justify;\">Do not bath your pet in the RV showers.<\/li>\n<li style=\"text-align: justify;\">Pets are not allowed in the pool area or in other areas indicated by the management<\/li>\n<li style=\"text-align: justify;\">The parking and some garden areas could be used to walk your pet, though you must carry ALWAYS a bag to pick up it feces.<\/li>\n<li style=\"text-align: justify;\"><span style=\"text-decoration: underline;\"><strong>It is the pet owner\u2019s obligation to always carry a bag to pick up it feces.<\/strong><\/span><\/li>\n<li style=\"text-align: justify;\">The cost of any damage caused by your pet during the stay at the RV will be charged.<\/li>\n<li style=\"text-align: justify;\">The space and tranquility of the other guests has to be respected.<\/li>\n<li style=\"text-align: justify;\">The pet\u2019s owner has the obligation of keeping it in the right hygienic conditions.<\/li>\n<li style=\"text-align: justify;\">At the moment of the check in you must sign this document accepting the conditions.<\/li>\n<li style=\"text-align: justify;\">Please be a responsible owner with your pet.<\/li>\n<\/ul>\n<p style=\"text-align: justify;\">We appreciate the attention to these rules and we hope you have a nice stay in our RV Park<\/p>\n<p style=\"text-align: justify;\"><em>This rules are intended in order to permit that all of us could share this space. If this are not followed properly, the management is free to suspend the service to the pet\u2019s owne<\/em><\/p>\n<p><i><a href=\"http:\/\/villapatzcuaro.com\/wp-content\/uploads\/PETPOLICIESRV2016.pdf\" target=\"_blank\" rel=\"noopener\">RULES FOR PETS IN .pdf<\/a><\/i><\/p>\n\n\n<blockquote class=\"wp-block-quote is-layout-flow wp-block-quote-is-layout-flow\">\n<p class=\"has-text-align-center\"><strong>No es solo un lugar para estacionarte.<br>Es una pausa dentro del viaje.<\/strong><\/p>\n<\/blockquote>","protected":false},"excerpt":{"rendered":"<p>Informaci\u00f3n completa para una estancia ordenada y tranquila Este reglamento forma parte de la experiencia del RV Park.Si a\u00fan no conoces el espacio, puedes verlo aqu\u00ed: \ud83d\udc49 Ver RV Park [&hellip;]<\/p>\n","protected":false},"author":1,"featured_media":2734,"parent":0,"menu_order":0,"comment_status":"closed","ping_status":"closed","template":"page-templates\/right-sidebar.php","meta":{"_citadela_hide_page_title":"","_citadela_remove_header_space":"","_citadela_custom_class":"","_citadela_half_map_provider":"","_citadela_half_map_theme":"","_citadela_half_map_themeOSM":"","_citadela_half_map_customTheme":"","_citadela_half_map_dataType":"","_citadela_half_map_dynamicTrack":false,"_citadela_half_map_trackColor":"","_citadela_half_map_trackEndpointsColor":"","_citadela_half_map_filterCategory":"","_citadela_half_map_filterLocation":"","_citadela_half_map_filterFeatured":false,"_citadela_half_map_noDataBehavior":"empty-map","_citadela_half_map_noDataText":"","_citadela_half_map_clusterGridSize":80,"_citadela_header":false,"_citadela_header_over_content":false,"_citadela_header_text_color":"","_citadela_header_logo":[],"_citadela_header_bg_image":[],"_citadela_header_bg_position":{"x":0.5,"y":0.5},"_citadela_header_bg_size":"cover","_citadela_header_bg_repeat":"no-repeat","_citadela_header_bg_fixed":false,"_citadela_header_bg_color":"","_citadela_header_bg_image_overlay":"","_citadela_header_transparent_bg":false,"_citadela_content_width":"wide","_citadela_half_layout_position":"","footnotes":""},"class_list":["post-5146","page","type-page","status-publish","has-post-thumbnail","hentry"],"_links":{"self":[{"href":"https:\/\/villapatzcuaro.com\/en\/wp-json\/wp\/v2\/pages\/5146","targetHints":{"allow":["GET"]}}],"collection":[{"href":"https:\/\/villapatzcuaro.com\/en\/wp-json\/wp\/v2\/pages"}],"about":[{"href":"https:\/\/villapatzcuaro.com\/en\/wp-json\/wp\/v2\/types\/page"}],"author":[{"embeddable":true,"href":"https:\/\/villapatzcuaro.com\/en\/wp-json\/wp\/v2\/users\/1"}],"replies":[{"embeddable":true,"href":"https:\/\/villapatzcuaro.com\/en\/wp-json\/wp\/v2\/comments?post=5146"}],"version-history":[{"count":5,"href":"https:\/\/villapatzcuaro.com\/en\/wp-json\/wp\/v2\/pages\/5146\/revisions"}],"predecessor-version":[{"id":5154,"href":"https:\/\/villapatzcuaro.com\/en\/wp-json\/wp\/v2\/pages\/5146\/revisions\/5154"}],"wp:featuredmedia":[{"embeddable":true,"href":"https:\/\/villapatzcuaro.com\/en\/wp-json\/wp\/v2\/media\/2734"}],"wp:attachment":[{"href":"https:\/\/villapatzcuaro.com\/en\/wp-json\/wp\/v2\/media?parent=5146"}],"curies":[{"name":"wp","href":"https:\/\/api.w.org\/{rel}","templated":true}]}}