{"id":2782,"date":"2016-08-02T00:27:12","date_gmt":"2016-08-02T05:27:12","guid":{"rendered":"http:\/\/villapatzcuaro.com\/?page_id=2782"},"modified":"2016-08-02T00:27:12","modified_gmt":"2016-08-02T05:27:12","slug":"como-llegar-a-patzcuaro","status":"publish","type":"page","link":"https:\/\/villapatzcuaro.com\/en\/como-llegar-a-patzcuaro\/","title":{"rendered":"Como llegar a P\u00e1tzcuaro"},"content":{"rendered":"<h1 align=\"center\">\u00a0<\/h1>\n<p align=\"center\"><embed src=\"http:\/\/www.clocklink.com\/clocks\/0032-white.swf?TimeZone=MX-CST&amp;\" type=\"application\/x-shockwave-flash\" width=\"130\" height=\"130\"><\/embed><\/p>\n<div align=\"center\">\n<table border=\"1\" width=\"400\">\n<tbody>\n<tr>\n<td colspan=\"5\">\n<p align=\"center\">TIEMPOS Y DISTANCIAS<\/p>\n<\/td>\n<\/tr>\n<tr>\n<td align=\"center\" width=\"86\">\n<p align=\"center\">desde<\/p>\n<p>Morelia Uruapan L. C\u00e1rdenas Ixtapa M\u00e9xico Guadalajara Le\u00f3n Quer\u00e9taro<\/td>\n<td align=\"center\" width=\"4\">\u00a0<\/td>\n<td align=\"center\" width=\"112\">\n<p align=\"center\">tiempo aprox.<\/p>\n<p>30 min. 40 min. 3:00 hrs. 3:30 hrs. 5:00 hrs. 3:30 hrs. 3:00 hrs. 3:00 hrs.<\/td>\n<td align=\"center\" width=\"4\">\u00a0<\/td>\n<td align=\"center\" width=\"77\">\n<p align=\"center\">distancia<\/p>\n<p>52 km. 45 km. 260 km. 330 km. 390 km. 335 km. 230 km. 240 km.<\/td>\n<\/tr>\n<\/tbody>\n<\/table>\n<p>\u00a0 \u00a0<\/p>\n<div align=\"center\">\n<table border=\"1\" width=\"459\">\n<tbody>\n<tr>\n<td bgcolor=\"#FFFFFF\">\n<p align=\"center\"><strong> PLANEA TU VIAJE POR CARRETERA<\/strong><\/p>\n<p align=\"justify\"><a href=\"http:\/\/aplicaciones4.sct.gob.mx\/sibuac_internet\/ControllerUI?action=cmdEscogeRuta\" target=\"http:\/\/aplicaciones4.sct.gob.mx\/sibuac_internet\/ControllerUI?action=cmdEscogeRuta\" rel=\"noopener\"> Haciendo click sobre la imagen podr\u00e1s acceder a una \u00fatil herramienta que te mostrar\u00e1 la mejor ruta a seguir desde la ciudad donde se encuentre en M\u00e9xico hasta P\u00e1tzcuaro.<\/a><\/p>\n<p align=\"justify\"><a href=\"http:\/\/aplicaciones4.sct.gob.mx\/sibuac_internet\/ControllerUI?action=cmdEscogeRuta\" target=\"_blank\" rel=\"noopener\"><img decoding=\"async\" class=\"aligncenter wp-image-1865 size-full lazyload\" data-src=\"http:\/\/patzcuaro.info\/wp-content\/uploads\/2016\/02\/logo-mappir.png\" alt=\"logo-mappir\" width=\"298\" height=\"92\" src=\"data:image\/svg+xml;base64,PHN2ZyB3aWR0aD0iMSIgaGVpZ2h0PSIxIiB4bWxucz0iaHR0cDovL3d3dy53My5vcmcvMjAwMC9zdmciPjwvc3ZnPg==\" style=\"--smush-placeholder-width: 298px; --smush-placeholder-aspect-ratio: 298\/92;\" \/><\/a><\/p>\n<\/td>\n<\/tr>\n<\/tbody>\n<\/table>\n<\/div>\n<p>\u00a0<\/p><\/div>\n<p style=\"text-align: center;\">NOVEDAD: No olvides que la nueva <a href=\"http:\/\/patzcuaro.info\/es\/archivos\/982\" target=\"_blank\" rel=\"noopener\">autopista Cuizeo &#8211; P\u00e1tzcuaro ya est\u00e1 en operaci\u00f3n.<\/a><\/p>\n<div align=\"center\">\n<table border=\"1\" width=\"458\">\n<tbody>\n<tr>\n<td align=\"center\" width=\"224\">L\u00edneas a\u00e9reas nacionales con destino a Morelia y\/o Uruapan<\/td>\n<td align=\"center\">L\u00edneas de autobuses con destino a Morelia y\/o P\u00e1tzcuaro<\/td>\n<\/tr>\n<tr>\n<td align=\"center\" width=\"224\">\u00a0 <a href=\"http:\/\/www.aeromexico.com.mx\" target=\"http:\/\/www.aeromexico.com.mx\" rel=\"noopener\"> Aerom\u00e9xico<\/a> <a href=\"http:\/\/www.aviacsa.com\" target=\"http:\/\/www.aviacsa.com\" rel=\"noopener\"> Aviacsa<\/a> <a href=\"http:\/\/www.aeromar.com.mx\" target=\"http:\/\/www.aeromar.com.mx\" rel=\"noopener\"> Aeromar<\/a> <a href=\"http:\/\/aazteca.com.mx\/\" target=\"http:\/\/aazteca.com.mx\/\" rel=\"noopener\"> Azteca<\/a> <a href=\"http:\/\/www.avolar.com.mx\/\" target=\"http:\/\/www.avolar.com.mx\/\" rel=\"noopener\"> Avolar<\/a> <a href=\"http:\/\/www.vivaaerobus.com\/\" target=\"http:\/\/www.vivaaerobus.com\/\" rel=\"noopener\"> Vivaaerobus<\/a> \u00a0<\/td>\n<td align=\"center\"><a href=\"http:\/\/www.etn.com.mx\" target=\"http:\/\/www.etn.com.mx\" rel=\"noopener\"> ETN<\/a> <a href=\"http:\/\/www.parhikuni.com\/\" target=\"http:\/\/www.parhikuni.com\/\" rel=\"noopener\"> Parhikuni<\/a> <a href=\"http:\/\/www.flecha-amarilla.com.mx\" target=\"http:\/\/www.flecha-amarilla.com.mx\" rel=\"noopener\"> Primera Plus<\/a> <a href=\"http:\/\/www.hdp.com.mx\" target=\"http:\/\/www.hdp.com.mx\" rel=\"noopener\"> Herradura de Plata<\/a><\/td>\n<\/tr>\n<\/tbody>\n<\/table>\n<\/div>","protected":false},"excerpt":{"rendered":"<p>\u00a0 TIEMPOS Y DISTANCIAS desde Morelia Uruapan L. C\u00e1rdenas Ixtapa M\u00e9xico Guadalajara Le\u00f3n Quer\u00e9taro \u00a0 tiempo aprox. 30 min. 40 min. 3:00 hrs. 3:30 hrs. 5:00 hrs. 3:30 hrs. 3:00 [&hellip;]<\/p>\n","protected":false},"author":1,"featured_media":0,"parent":0,"menu_order":0,"comment_status":"closed","ping_status":"closed","template":"","meta":{"_citadela_hide_page_title":"","_citadela_remove_header_space":"","_citadela_custom_class":"","_citadela_half_map_provider":"","_citadela_half_map_theme":"","_citadela_half_map_themeOSM":"","_citadela_half_map_customTheme":"","_citadela_half_map_dataType":"","_citadela_half_map_dynamicTrack":false,"_citadela_half_map_trackColor":"","_citadela_half_map_trackEndpointsColor":"","_citadela_half_map_filterCategory":"","_citadela_half_map_filterLocation":"","_citadela_half_map_filterFeatured":false,"_citadela_half_map_noDataBehavior":"empty-map","_citadela_half_map_noDataText":"","_citadela_half_map_clusterGridSize":80,"_citadela_header":false,"_citadela_header_over_content":false,"_citadela_header_text_color":"","_citadela_header_logo":[],"_citadela_header_bg_image":[],"_citadela_header_bg_position":[],"_citadela_header_bg_size":"","_citadela_header_bg_repeat":"","_citadela_header_bg_fixed":false,"_citadela_header_bg_color":"","_citadela_header_bg_image_overlay":"","_citadela_header_transparent_bg":false,"_citadela_content_width":"","_citadela_half_layout_position":"","footnotes":""},"class_list":["post-2782","page","type-page","status-publish","hentry"],"_links":{"self":[{"href":"https:\/\/villapatzcuaro.com\/en\/wp-json\/wp\/v2\/pages\/2782","targetHints":{"allow":["GET"]}}],"collection":[{"href":"https:\/\/villapatzcuaro.com\/en\/wp-json\/wp\/v2\/pages"}],"about":[{"href":"https:\/\/villapatzcuaro.com\/en\/wp-json\/wp\/v2\/types\/page"}],"author":[{"embeddable":true,"href":"https:\/\/villapatzcuaro.com\/en\/wp-json\/wp\/v2\/users\/1"}],"replies":[{"embeddable":true,"href":"https:\/\/villapatzcuaro.com\/en\/wp-json\/wp\/v2\/comments?post=2782"}],"version-history":[{"count":0,"href":"https:\/\/villapatzcuaro.com\/en\/wp-json\/wp\/v2\/pages\/2782\/revisions"}],"wp:attachment":[{"href":"https:\/\/villapatzcuaro.com\/en\/wp-json\/wp\/v2\/media?parent=2782"}],"curies":[{"name":"wp","href":"https:\/\/api.w.org\/{rel}","templated":true}]}}