{"id":2702,"date":"2016-07-25T23:01:04","date_gmt":"2016-07-26T04:01:04","guid":{"rendered":"http:\/\/nuevavp.villapatzcuaro.com\/?page_id=2702"},"modified":"2025-12-27T16:20:46","modified_gmt":"2025-12-27T22:20:46","slug":"info-2","status":"publish","type":"page","link":"https:\/\/villapatzcuaro.com\/en\/info-2\/","title":{"rendered":"Get ready to experience P\u00e1tzcuaro"},"content":{"rendered":"<p class=\"has-text-align-center\"><strong>Everything you need to know for a perfect stay, from local guides to practical tips.<\/strong><\/p>\n\n\n\n<div class=\"wp-block-citadela-blocks-spacer citadela-block-spacer\"><div class=\"inner-holder\" style=\"padding-top:30px\"><\/div><\/div>\n\n\n\n<div class=\"wp-block-citadela-blocks-custom-container citadela-block-custom-container size-content bg-type-none inside-space-none\"><div class=\"inner-holder\">\n<div class=\"wp-block-columns is-layout-flex wp-container-core-columns-is-layout-9d6595d7 wp-block-columns-is-layout-flex\">\n<div class=\"wp-block-column is-layout-flow wp-block-column-is-layout-flow\">\n<p>Discover the secrets of our Magical Town: monuments, crafts and unmissable corners.<\/p>\n\n\n\n<div class=\"wp-block-buttons is-layout-flex wp-block-buttons-is-layout-flex\">\n<div class=\"wp-block-button\"><a class=\"wp-block-button__link wp-element-button\" href=\"https:\/\/visitpatzcuaro.com\/en\/\" target=\"_blank\" rel=\"noreferrer noopener\">Explore<\/a><\/div>\n<\/div>\n<\/div>\n\n\n\n<div class=\"wp-block-column is-layout-flow wp-block-column-is-layout-flow\">\n<p>The most complete guide to the Night os Souls tradition in Michoac\u00e1n.<\/p>\n\n\n\n<div class=\"wp-block-buttons is-layout-flex wp-block-buttons-is-layout-flex\">\n<div class=\"wp-block-button\"><a class=\"wp-block-button__link wp-element-button\" href=\"https:\/\/fiestadelasanimas.com\/\" target=\"_blank\" rel=\"noreferrer noopener\">know<\/a><\/div>\n<\/div>\n<\/div>\n\n\n\n<div class=\"wp-block-column is-layout-flow wp-block-column-is-layout-flow\">\n<p>Please check our community rules and privacy details.<\/p>\n\n\n\n<div class=\"wp-block-buttons is-layout-flex wp-block-buttons-is-layout-flex\">\n<div class=\"wp-block-button\"><a class=\"wp-block-button__link wp-element-button\" href=\"https:\/\/villapatzcuaro.com\/en\/politicas\/\">Policies<\/a><\/div>\n<\/div>\n<\/div>\n<\/div>\n<\/div><\/div>\n\n\n\n<div class=\"wp-block-citadela-blocks-spacer citadela-block-spacer\"><div class=\"inner-holder\" style=\"padding-top:30px\"><\/div><\/div>\n\n\n<h3 data-path-to-node=\"14\"><b data-path-to-node=\"14\" data-index-in-node=\"0\">Practical Information<\/b><\/h3>\n<ul data-path-to-node=\"16\">\n<li>\n<p data-path-to-node=\"16,0,0\">\ud83d\uddfa\ufe0f <b data-path-to-node=\"16,0,0\" data-index-in-node=\"4\">Strategic Location:<\/b> We are 5 minutes from the General Pier and the Historic Center.<\/p>\n<\/li>\n<li>\n<p data-path-to-node=\"16,1,0\">\ud83c\udf21\ufe0f <b data-path-to-node=\"16,1,0\" data-index-in-node=\"4\">Climate:<\/b> P\u00e1tzcuaro is a mountainous area. We recommend bringing warm clothing for the cool nights.<\/p>\n<\/li>\n<li>\n<p data-path-to-node=\"16,2,0\">\ud83d\udead <b data-path-to-node=\"16,2,0\" data-index-in-node=\"3\">Healthy Space:<\/b> We remind you that we are a 100% smoke-free indoor hotel.<\/p>\n<\/li>\n<li>\n<p data-path-to-node=\"16,3,0\">\ud83d\udc3e <b data-path-to-node=\"5,0,0\" data-index-in-node=\"3\">Pets:<\/b> To guarantee the hygiene and rest of our guests, <b data-path-to-node=\"5,0,0\" data-index-in-node=\"77\">pets are not allowed in the rooms or villas<\/b>. This service is exclusively for travelers in the. <b data-path-to-node=\"5,0,0\" data-index-in-node=\"186\">RV Park<\/b> (under specific regulations).<\/p>\n<\/li>\n<\/ul>\n\n\n<div style=\"font: 10px Tahoma;padding:3px;\"><a style=\"color:#000000;text-decoration:none\" href=\"https:\/\/freemeteo.com\" target=\"_blank\" rel=\"noopener\">Weather by Freemeteo.com<\/a><\/div>\n<script>\n\/\/Live weather feeds by freemeteo.com \n\/\/The use of this script is bound by Freemeteo\u2019s Live Feed Service Agreement, as is published in the following url: https:\/\/www.freemeteo.com\/data.asp?pid=178&la=1\n\/\/ You are not allowed to change or delete any part of this script.\n\/\/ Main body background color : FFFFFF\n\/\/ Main body fonts color : 000000\n\/\/ Header\/Footer background color : 808000\n\/\/ Header\/Footer fonts color : FFFFFF\ncIfrm=\"6\";\ngid=\"902828_20221011_182917\";\n<\/script>\n<script src=\"https:\/\/freemeteo.com\/templates\/default\/HTfeeds.js?v=1\" type=\"text\/javascript\"><\/script>\n\n\n\n<div style=\"height:22px\" aria-hidden=\"true\" class=\"wp-block-spacer\"><\/div>\n\n\n\n<hr class=\"wp-block-separator has-alpha-channel-opacity is-style-wide\"\/>\n\n\n\n<h2 class=\"wp-block-heading has-text-align-center\">Our location<\/h2>\n\n\n\n<div class=\"wp-block-gmap-gmap-block gmap-block-ob8e7d4i\"><iframe data-src=\"https:\/\/maps.google.com\/maps?q=Villa+P%C3%A1tzcuaro+Garden+Hotel&amp;z=18&amp;t=p&amp;output=embed\" class=\"embd-map lazyload\" title=\"Villa P\u00e1tzcuaro Garden Hotel\" src=\"data:image\/svg+xml;base64,PHN2ZyB3aWR0aD0iMSIgaGVpZ2h0PSIxIiB4bWxucz0iaHR0cDovL3d3dy53My5vcmcvMjAwMC9zdmciPjwvc3ZnPg==\" data-load-mode=\"1\"><\/iframe><\/div>\n\n\n\n<hr class=\"wp-block-separator has-alpha-channel-opacity is-style-wide\"\/>\n\n\n\n<ul class=\"wp-block-social-links aligncenter is-layout-flex wp-block-social-links-is-layout-flex\"><li class=\"wp-social-link wp-social-link-facebook  wp-block-social-link\"><a rel=\"noopener nofollow\" target=\"_blank\" href=\"https:\/\/www.facebook.com\/VillaPatzcuaro\" class=\"wp-block-social-link-anchor\"><svg width=\"24\" height=\"24\" viewbox=\"0 0 24 24\" version=\"1.1\" xmlns=\"http:\/\/www.w3.org\/2000\/svg\" aria-hidden=\"true\" focusable=\"false\"><path d=\"M12 2C6.5 2 2 6.5 2 12c0 5 3.7 9.1 8.4 9.9v-7H7.9V12h2.5V9.8c0-2.5 1.5-3.9 3.8-3.9 1.1 0 2.2.2 2.2.2v2.5h-1.3c-1.2 0-1.6.8-1.6 1.6V12h2.8l-.4 2.9h-2.3v7C18.3 21.1 22 17 22 12c0-5.5-4.5-10-10-10z\"><\/path><\/svg><span class=\"wp-block-social-link-label screen-reader-text\">Facebook<\/span><\/a><\/li>\n\n<li class=\"wp-social-link wp-social-link-instagram  wp-block-social-link\"><a rel=\"noopener nofollow\" target=\"_blank\" href=\"https:\/\/www.instagram.com\/villapatzcuarohotel\/\" class=\"wp-block-social-link-anchor\"><svg width=\"24\" height=\"24\" viewbox=\"0 0 24 24\" version=\"1.1\" xmlns=\"http:\/\/www.w3.org\/2000\/svg\" aria-hidden=\"true\" focusable=\"false\"><path d=\"M12,4.622c2.403,0,2.688,0.009,3.637,0.052c0.877,0.04,1.354,0.187,1.671,0.31c0.42,0.163,0.72,0.358,1.035,0.673 c0.315,0.315,0.51,0.615,0.673,1.035c0.123,0.317,0.27,0.794,0.31,1.671c0.043,0.949,0.052,1.234,0.052,3.637 s-0.009,2.688-0.052,3.637c-0.04,0.877-0.187,1.354-0.31,1.671c-0.163,0.42-0.358,0.72-0.673,1.035 c-0.315,0.315-0.615,0.51-1.035,0.673c-0.317,0.123-0.794,0.27-1.671,0.31c-0.949,0.043-1.233,0.052-3.637,0.052 s-2.688-0.009-3.637-0.052c-0.877-0.04-1.354-0.187-1.671-0.31c-0.42-0.163-0.72-0.358-1.035-0.673 c-0.315-0.315-0.51-0.615-0.673-1.035c-0.123-0.317-0.27-0.794-0.31-1.671C4.631,14.688,4.622,14.403,4.622,12 s0.009-2.688,0.052-3.637c0.04-0.877,0.187-1.354,0.31-1.671c0.163-0.42,0.358-0.72,0.673-1.035 c0.315-0.315,0.615-0.51,1.035-0.673c0.317-0.123,0.794-0.27,1.671-0.31C9.312,4.631,9.597,4.622,12,4.622 M12,3 C9.556,3,9.249,3.01,8.289,3.054C7.331,3.098,6.677,3.25,6.105,3.472C5.513,3.702,5.011,4.01,4.511,4.511 c-0.5,0.5-0.808,1.002-1.038,1.594C3.25,6.677,3.098,7.331,3.054,8.289C3.01,9.249,3,9.556,3,12c0,2.444,0.01,2.751,0.054,3.711 c0.044,0.958,0.196,1.612,0.418,2.185c0.23,0.592,0.538,1.094,1.038,1.594c0.5,0.5,1.002,0.808,1.594,1.038 c0.572,0.222,1.227,0.375,2.185,0.418C9.249,20.99,9.556,21,12,21s2.751-0.01,3.711-0.054c0.958-0.044,1.612-0.196,2.185-0.418 c0.592-0.23,1.094-0.538,1.594-1.038c0.5-0.5,0.808-1.002,1.038-1.594c0.222-0.572,0.375-1.227,0.418-2.185 C20.99,14.751,21,14.444,21,12s-0.01-2.751-0.054-3.711c-0.044-0.958-0.196-1.612-0.418-2.185c-0.23-0.592-0.538-1.094-1.038-1.594 c-0.5-0.5-1.002-0.808-1.594-1.038c-0.572-0.222-1.227-0.375-2.185-0.418C14.751,3.01,14.444,3,12,3L12,3z M12,7.378 c-2.552,0-4.622,2.069-4.622,4.622S9.448,16.622,12,16.622s4.622-2.069,4.622-4.622S14.552,7.378,12,7.378z M12,15 c-1.657,0-3-1.343-3-3s1.343-3,3-3s3,1.343,3,3S13.657,15,12,15z M16.804,6.116c-0.596,0-1.08,0.484-1.08,1.08 s0.484,1.08,1.08,1.08c0.596,0,1.08-0.484,1.08-1.08S17.401,6.116,16.804,6.116z\"><\/path><\/svg><span class=\"wp-block-social-link-label screen-reader-text\">Instagram<\/span><\/a><\/li>\n\n<li class=\"wp-social-link wp-social-link-x  wp-block-social-link\"><a rel=\"noopener nofollow\" target=\"_blank\" href=\"https:\/\/x.com\/VillaPatzcuaro\" class=\"wp-block-social-link-anchor\"><svg width=\"24\" height=\"24\" viewbox=\"0 0 24 24\" version=\"1.1\" xmlns=\"http:\/\/www.w3.org\/2000\/svg\" aria-hidden=\"true\" focusable=\"false\"><path d=\"M13.982 10.622 20.54 3h-1.554l-5.693 6.618L8.745 3H3.5l6.876 10.007L3.5 21h1.554l6.012-6.989L15.868 21h5.245l-7.131-10.378Zm-2.128 2.474-.697-.997-5.543-7.93H8l4.474 6.4.697.996 5.815 8.318h-2.387l-4.745-6.787Z\" \/><\/svg><span class=\"wp-block-social-link-label screen-reader-text\">X<\/span><\/a><\/li><\/ul>\n\n\n\n<h2 class=\"wp-block-heading has-text-align-center\">Packages and offers<\/h2>\n\n\n\r\n        <div \r\n            class=\"wp-block-citadela-blocks ctdl-directory-items-list layout-box size-small grid-type-1 image-size-citadela_item_thumbnail image-position-center-center default-image-height show-item-featured-image show-item-categories border-thin use-carousel carousel-navigation carousel-pagination loading-content\"\r\n                        \t\r\n                            data-carousel=\"{&quot;pagination&quot;:true,&quot;navigation&quot;:true,&quot;autoplay&quot;:true,&quot;autoHeight&quot;:false,&quot;autoplayDelay&quot;:5,&quot;loop&quot;:true}\"\r\n                        >\r\n            \r\n                            <div class=\"citadela-loader\">\r\n                    <div class=\"inner-wrapper\">\r\n                        <i class=\"fas fa-circle-notch fa-spin\"><\/i>\r\n                    <\/div>\r\n                <\/div>\r\n            \r\n            \r\n            <div class=\"citadela-block-articles swiper-container\">\r\n               \r\n                <div class=\"citadela-block-articles-wrap swiper-wrapper\">\r\n                \r\n<article class=\"citadela-article has-thumbnail has-categories swiper-slide\">\r\n\r\n\t<div class=\"item-content\" style=\"\">\r\n\t\t\t\t<div class=\"item-thumbnail\" style=\"\">\r\n\t\t\t<a href=\"https:\/\/villapatzcuaro.com\/en\/item\/escape-romantico\/\">\r\n\t\t\t\t<img decoding=\"async\" \r\n\t\t\t\t\tclass=\"item-image lazyload\"\r\n                    data-src=\"https:\/\/villapatzcuaro.com\/wp-content\/smush-webp\/2022\/10\/Villa-Patzcuaro-Publi3-copia_LE_auto_x2-640x480.jpg.webp\"\r\n                    width=\"640\"\r\n                    height=\"480\"\r\n                    data-srcset=\"https:\/\/villapatzcuaro.com\/wp-content\/smush-webp\/2022\/10\/Villa-Patzcuaro-Publi3-copia_LE_auto_x2-640x480.jpg.webp 640w, https:\/\/villapatzcuaro.com\/wp-content\/smush-webp\/2022\/10\/Villa-Patzcuaro-Publi3-copia_LE_auto_x2-480x360.jpg.webp 480w\"\r\n                    data-sizes=\"(max-width: 640px) 100vw, 640px\"\r\n                    alt=\"Escapada Rom\u00e1ntica: Vino, Fuego y Silencio\"\r\n                    src=\"data:image\/svg+xml;base64,PHN2ZyB3aWR0aD0iMSIgaGVpZ2h0PSIxIiB4bWxucz0iaHR0cDovL3d3dy53My5vcmcvMjAwMC9zdmciPjwvc3ZnPg==\" style=\"--smush-placeholder-width: 640px; --smush-placeholder-aspect-ratio: 640\/480;\" data-smush-webp-fallback=\"{&quot;data-src&quot;:&quot;https:\\\/\\\/villapatzcuaro.com\\\/wp-content\\\/uploads\\\/2022\\\/10\\\/Villa-Patzcuaro-Publi3-copia_LE_auto_x2-640x480.jpg&quot;,&quot;data-srcset&quot;:&quot;https:\\\/\\\/villapatzcuaro.com\\\/wp-content\\\/uploads\\\/2022\\\/10\\\/Villa-Patzcuaro-Publi3-copia_LE_auto_x2-640x480.jpg 640w, https:\\\/\\\/villapatzcuaro.com\\\/wp-content\\\/uploads\\\/2022\\\/10\\\/Villa-Patzcuaro-Publi3-copia_LE_auto_x2-480x360.jpg 480w&quot;}\" \/>\r\n\t\t\t<\/a>\r\n\t\t<\/div>\r\n\t\t\r\n\t\t<div class=\"item-body\">\r\n\t\t\t<div class=\"item-title\">\r\n\t\t\t\t<a href=\"https:\/\/villapatzcuaro.com\/en\/item\/escape-romantico\/\">\r\n\t\t\t\t\t<div class=\"item-title-wrap\">\r\n\t\t\t\t\t\t<div class=\"post-title\">Romantic Getaway: Wine, Fire and Silence<\/div>\r\n\t\t\t\t\t\t\t\t\t\t\t<\/div>\r\n\t\t\t\t<\/a>\r\n\t\t\t<\/div>\r\n\t\t\t\r\n\t\t\t\r\n\t\t\t\t\t\t<div class=\"item-footer\" style=\"\">\r\n\t\t\t\t\t\t\t\t\t\t\t\t\t\t\t\t\t\t\t\t<div class=\"item-data categories\" style=\"\">\r\n\t\t\t\t\t<span class=\"label\">Categories<\/span>\r\n\t\t\t\t\t<span class=\"values\">\r\n\t\t\t\t\t\t\t\t\t\t\t\t    <a href=\"https:\/\/villapatzcuaro.com\/en\/cat\/paquetes-y-promociones\/\" class=\"value\" style=\"\">\r\n                                Packages and Offers                            <\/a>\r\n\t\t\t\t\t\t\t\t\t\t\t<\/span>\r\n\t\t\t\t<\/div>\r\n\t\t\t\t\t\t\t<\/div>\r\n\t\t<\/div>\r\n\t<\/div>\r\n\r\n<\/article>\r\n\r\n\r\n\r\n<article class=\"citadela-article has-thumbnail has-categories swiper-slide\">\r\n\r\n\t<div class=\"item-content\" style=\"\">\r\n\t\t\t\t<div class=\"item-thumbnail\" style=\"\">\r\n\t\t\t<a href=\"https:\/\/villapatzcuaro.com\/en\/item\/fiesta-de-las-animas-o-noche-de-muertos\/\">\r\n\t\t\t\t<img decoding=\"async\" \r\n\t\t\t\t\tclass=\"item-image lazyload\"\r\n                    data-src=\"https:\/\/villapatzcuaro.com\/wp-content\/smush-webp\/2022\/10\/mtos-640x480.jpg.webp\"\r\n                    width=\"640\"\r\n                    height=\"480\"\r\n                    data-srcset=\"https:\/\/villapatzcuaro.com\/wp-content\/smush-webp\/2022\/10\/mtos-640x480.jpg.webp 640w, https:\/\/villapatzcuaro.com\/wp-content\/smush-webp\/2022\/10\/mtos-480x360.jpg.webp 480w\"\r\n                    data-sizes=\"(max-width: 640px) 100vw, 640px\"\r\n                    alt=\"Noche de Muertos: La Tradici\u00f3n Viva\"\r\n                    src=\"data:image\/svg+xml;base64,PHN2ZyB3aWR0aD0iMSIgaGVpZ2h0PSIxIiB4bWxucz0iaHR0cDovL3d3dy53My5vcmcvMjAwMC9zdmciPjwvc3ZnPg==\" style=\"--smush-placeholder-width: 640px; --smush-placeholder-aspect-ratio: 640\/480;\" data-smush-webp-fallback=\"{&quot;data-src&quot;:&quot;https:\\\/\\\/villapatzcuaro.com\\\/wp-content\\\/uploads\\\/2022\\\/10\\\/mtos-640x480.jpg&quot;,&quot;data-srcset&quot;:&quot;https:\\\/\\\/villapatzcuaro.com\\\/wp-content\\\/uploads\\\/2022\\\/10\\\/mtos-640x480.jpg 640w, https:\\\/\\\/villapatzcuaro.com\\\/wp-content\\\/uploads\\\/2022\\\/10\\\/mtos-480x360.jpg 480w&quot;}\" \/>\r\n\t\t\t<\/a>\r\n\t\t<\/div>\r\n\t\t\r\n\t\t<div class=\"item-body\">\r\n\t\t\t<div class=\"item-title\">\r\n\t\t\t\t<a href=\"https:\/\/villapatzcuaro.com\/en\/item\/fiesta-de-las-animas-o-noche-de-muertos\/\">\r\n\t\t\t\t\t<div class=\"item-title-wrap\">\r\n\t\t\t\t\t\t<div class=\"post-title\">Night of the Souls: The Living Tradition<\/div>\r\n\t\t\t\t\t\t\t\t\t\t\t<\/div>\r\n\t\t\t\t<\/a>\r\n\t\t\t<\/div>\r\n\t\t\t\r\n\t\t\t\r\n\t\t\t\t\t\t<div class=\"item-footer\" style=\"\">\r\n\t\t\t\t\t\t\t\t\t\t\t\t\t\t\t\t\t\t\t\t<div class=\"item-data categories\" style=\"\">\r\n\t\t\t\t\t<span class=\"label\">Categories<\/span>\r\n\t\t\t\t\t<span class=\"values\">\r\n\t\t\t\t\t\t\t\t\t\t\t\t    <a href=\"https:\/\/villapatzcuaro.com\/en\/cat\/paquetes-y-promociones\/\" class=\"value\" style=\"\">\r\n                                Packages and Offers                            <\/a>\r\n\t\t\t\t\t\t\t\t\t\t\t<\/span>\r\n\t\t\t\t<\/div>\r\n\t\t\t\t\t\t\t<\/div>\r\n\t\t<\/div>\r\n\t<\/div>\r\n\r\n<\/article>\r\n\r\n\r\n\r\n<article class=\"citadela-article has-thumbnail has-categories swiper-slide\">\r\n\r\n\t<div class=\"item-content\" style=\"\">\r\n\t\t\t\t<div class=\"item-thumbnail\" style=\"\">\r\n\t\t\t<a href=\"https:\/\/villapatzcuaro.com\/en\/item\/paquete-luna-de-miel\/\">\r\n\t\t\t\t<img decoding=\"async\" \r\n\t\t\t\t\tclass=\"item-image lazyload\"\r\n                    data-src=\"https:\/\/villapatzcuaro.com\/wp-content\/smush-webp\/2023\/06\/Luna_de_Miel-640x480.jpg.webp\"\r\n                    width=\"640\"\r\n                    height=\"480\"\r\n                    data-srcset=\"https:\/\/villapatzcuaro.com\/wp-content\/smush-webp\/2023\/06\/Luna_de_Miel-640x480.jpg.webp 640w, https:\/\/villapatzcuaro.com\/wp-content\/smush-webp\/2023\/06\/Luna_de_Miel-480x360.jpg.webp 480w\"\r\n                    data-sizes=\"(max-width: 640px) 100vw, 640px\"\r\n                    alt=\"Luna de Miel y Redescubrimiento\"\r\n                    src=\"data:image\/svg+xml;base64,PHN2ZyB3aWR0aD0iMSIgaGVpZ2h0PSIxIiB4bWxucz0iaHR0cDovL3d3dy53My5vcmcvMjAwMC9zdmciPjwvc3ZnPg==\" style=\"--smush-placeholder-width: 640px; --smush-placeholder-aspect-ratio: 640\/480;\" data-smush-webp-fallback=\"{&quot;data-src&quot;:&quot;https:\\\/\\\/villapatzcuaro.com\\\/wp-content\\\/uploads\\\/2023\\\/06\\\/Luna_de_Miel-640x480.jpg&quot;,&quot;data-srcset&quot;:&quot;https:\\\/\\\/villapatzcuaro.com\\\/wp-content\\\/uploads\\\/2023\\\/06\\\/Luna_de_Miel-640x480.jpg 640w, https:\\\/\\\/villapatzcuaro.com\\\/wp-content\\\/uploads\\\/2023\\\/06\\\/Luna_de_Miel-480x360.jpg 480w&quot;}\" \/>\r\n\t\t\t<\/a>\r\n\t\t<\/div>\r\n\t\t\r\n\t\t<div class=\"item-body\">\r\n\t\t\t<div class=\"item-title\">\r\n\t\t\t\t<a href=\"https:\/\/villapatzcuaro.com\/en\/item\/paquete-luna-de-miel\/\">\r\n\t\t\t\t\t<div class=\"item-title-wrap\">\r\n\t\t\t\t\t\t<div class=\"post-title\">Honeymoon and Rediscovery<\/div>\r\n\t\t\t\t\t\t\t\t\t\t\t<\/div>\r\n\t\t\t\t<\/a>\r\n\t\t\t<\/div>\r\n\t\t\t\r\n\t\t\t\r\n\t\t\t\t\t\t<div class=\"item-footer\" style=\"\">\r\n\t\t\t\t\t\t\t\t\t\t\t\t\t\t\t\t\t\t\t\t<div class=\"item-data categories\" style=\"\">\r\n\t\t\t\t\t<span class=\"label\">Categories<\/span>\r\n\t\t\t\t\t<span class=\"values\">\r\n\t\t\t\t\t\t\t\t\t\t\t\t    <a href=\"https:\/\/villapatzcuaro.com\/en\/cat\/paquetes-y-promociones\/\" class=\"value\" style=\"\">\r\n                                Packages and Offers                            <\/a>\r\n\t\t\t\t\t\t\t\t\t\t\t<\/span>\r\n\t\t\t\t<\/div>\r\n\t\t\t\t\t\t\t<\/div>\r\n\t\t<\/div>\r\n\t<\/div>\r\n\r\n<\/article>\r\n\r\n\r\n                <\/div>\r\n\r\n                                \r\n            <\/div>\r\n            \r\n                                                <div class=\"carousel-navigation-wrapper\" >\r\n                        <div class=\"carousel-button-prev\"><i class=\"fas fa-chevron-left\"><\/i><\/div>\r\n                        <div class=\"carousel-button-next\"><i class=\"fas fa-chevron-right\"><\/i><\/div>\r\n                    <\/div>\r\n                                                    <div class=\"carousel-pagination-wrapper\" ><\/div>\r\n                \r\n                        \r\n        <\/div>","protected":false},"excerpt":{"rendered":"<p>Todo lo que necesitas saber para una estancia perfecta, desde gu\u00edas locales hasta consejos pr\u00e1cticos. Informaci\u00f3n Pr\u00e1ctica \ud83d\uddfa\ufe0f Ubicaci\u00f3n Estrat\u00e9gica: Estamos a 5 minutos del Muelle General y del Centro [&hellip;]<\/p>\n","protected":false},"author":1,"featured_media":3947,"parent":0,"menu_order":0,"comment_status":"closed","ping_status":"closed","template":"page-templates\/right-sidebar.php","meta":{"_citadela_hide_page_title":"","_citadela_remove_header_space":"","_citadela_custom_class":"","_citadela_half_map_provider":"","_citadela_half_map_theme":"","_citadela_half_map_themeOSM":"","_citadela_half_map_customTheme":"","_citadela_half_map_dataType":"","_citadela_half_map_dynamicTrack":false,"_citadela_half_map_trackColor":"","_citadela_half_map_trackEndpointsColor":"","_citadela_half_map_filterCategory":"","_citadela_half_map_filterLocation":"","_citadela_half_map_filterFeatured":false,"_citadela_half_map_noDataBehavior":"empty-map","_citadela_half_map_noDataText":"","_citadela_half_map_clusterGridSize":80,"_citadela_header":false,"_citadela_header_over_content":false,"_citadela_header_text_color":"","_citadela_header_logo":[],"_citadela_header_bg_image":[],"_citadela_header_bg_position":{"x":0.5,"y":0.5},"_citadela_header_bg_size":"cover","_citadela_header_bg_repeat":"no-repeat","_citadela_header_bg_fixed":false,"_citadela_header_bg_color":"","_citadela_header_bg_image_overlay":"","_citadela_header_transparent_bg":false,"_citadela_content_width":"default","_citadela_half_layout_position":"","footnotes":""},"class_list":["post-2702","page","type-page","status-publish","has-post-thumbnail","hentry"],"_links":{"self":[{"href":"https:\/\/villapatzcuaro.com\/en\/wp-json\/wp\/v2\/pages\/2702","targetHints":{"allow":["GET"]}}],"collection":[{"href":"https:\/\/villapatzcuaro.com\/en\/wp-json\/wp\/v2\/pages"}],"about":[{"href":"https:\/\/villapatzcuaro.com\/en\/wp-json\/wp\/v2\/types\/page"}],"author":[{"embeddable":true,"href":"https:\/\/villapatzcuaro.com\/en\/wp-json\/wp\/v2\/users\/1"}],"replies":[{"embeddable":true,"href":"https:\/\/villapatzcuaro.com\/en\/wp-json\/wp\/v2\/comments?post=2702"}],"version-history":[{"count":0,"href":"https:\/\/villapatzcuaro.com\/en\/wp-json\/wp\/v2\/pages\/2702\/revisions"}],"wp:featuredmedia":[{"embeddable":true,"href":"https:\/\/villapatzcuaro.com\/en\/wp-json\/wp\/v2\/media\/3947"}],"wp:attachment":[{"href":"https:\/\/villapatzcuaro.com\/en\/wp-json\/wp\/v2\/media?parent=2702"}],"curies":[{"name":"wp","href":"https:\/\/api.w.org\/{rel}","templated":true}]}}