{"id":2624,"date":"2016-07-23T21:05:03","date_gmt":"2016-07-24T02:05:03","guid":{"rendered":"http:\/\/nuevavp.villapatzcuaro.com\/?page_id=2624"},"modified":"2022-10-11T17:56:14","modified_gmt":"2022-10-11T17:56:14","slug":"privacidad-y-seguridad","status":"publish","type":"page","link":"https:\/\/villapatzcuaro.com\/en\/privacidad-y-seguridad\/","title":{"rendered":"Privacy  &amp; Security"},"content":{"rendered":"<p style=\"text-align: center;\"><strong> Privacidad y Seguridad del Sitio<\/strong><\/p>\n<p style=\"text-align: justify;\"><strong>Pol\u00edticas de Privacidad<\/strong><\/p>\n<p style=\"text-align: justify;\">La seguridad es nuestra m\u00e1s alta prioridad para asegurar la confidencialidad de su informaci\u00f3n personal.<\/p>\n<p style=\"text-align: justify;\">Guardamos de manera segura en nuestro sitio toda la informaci\u00f3n. Esto incluye informaci\u00f3n personal tal como su nombre y apellido, direcci\u00f3n personal y de negocios, n\u00famero telef\u00f3nico, direcci\u00f3n postal y direcci\u00f3n de correo electr\u00f3nico.<\/p>\n<p style=\"text-align: justify;\">La informaci\u00f3n que nos proporciona no se comparte con terceras personas no autorizadas.<\/p>\n<p style=\"text-align: justify;\">Es posible que compartamos su informaci\u00f3n, solamente lo m\u00ednimo necesario, a compa\u00f1\u00edas relacionadas con su itinerario de viaje tales como l\u00edneas a\u00e9reas, hoteles, operadores terrestres, compa\u00f1\u00edas locales de paseos, patrocinadores y otros proveedores.<\/p>\n<p style=\"text-align: justify;\"><strong>Seguridad del Sitio<\/strong><\/p>\n<p style=\"text-align: justify;\">Queremos que se sienta c\u00f3modo y seguro de que sus transacciones en l\u00ednea a trav\u00e9s de este sitio Web se procesar\u00e1n y ser\u00e1n almacenadas de manera segura. Nuestro sistema de reservaciones emplea lo \u00faltimo en tecnolog\u00eda para asegurar su informaci\u00f3n personal.<\/p>\n<p style=\"text-align: center;\"><img decoding=\"async\" class=\"aligncenter wp-image-2349 size-medium lazyload\" data-src=\"http:\/\/villapatzcuaro.com\/wp-content\/smush-webp\/2016\/07\/VILLAPATZCUARO-copia-300x192.jpg.webp\" alt=\"\" width=\"300\" height=\"192\" data-srcset=\"https:\/\/villapatzcuaro.com\/wp-content\/smush-webp\/2016\/07\/VILLAPATZCUARO-copia-300x192.jpg.webp 300w, https:\/\/villapatzcuaro.com\/wp-content\/smush-webp\/2016\/07\/VILLAPATZCUARO-copia.jpg.webp 501w\" data-sizes=\"(max-width: 300px) 100vw, 300px\" src=\"data:image\/svg+xml;base64,PHN2ZyB3aWR0aD0iMSIgaGVpZ2h0PSIxIiB4bWxucz0iaHR0cDovL3d3dy53My5vcmcvMjAwMC9zdmciPjwvc3ZnPg==\" style=\"--smush-placeholder-width: 300px; --smush-placeholder-aspect-ratio: 300\/192;\" data-smush-webp-fallback=\"{&quot;data-src&quot;:&quot;http:\\\/\\\/villapatzcuaro.com\\\/wp-content\\\/uploads\\\/2016\\\/07\\\/VILLAPATZCUARO-copia-300x192.jpg&quot;,&quot;data-srcset&quot;:&quot;https:\\\/\\\/villapatzcuaro.com\\\/wp-content\\\/uploads\\\/2016\\\/07\\\/VILLAPATZCUARO-copia-300x192.jpg 300w, https:\\\/\\\/villapatzcuaro.com\\\/wp-content\\\/uploads\\\/2016\\\/07\\\/VILLAPATZCUARO-copia.jpg 501w&quot;}\" \/><\/p>","protected":false},"excerpt":{"rendered":"<p>Privacidad y Seguridad del Sitio Pol\u00edticas de Privacidad La seguridad es nuestra m\u00e1s alta prioridad para asegurar la confidencialidad de su informaci\u00f3n personal. Guardamos de manera segura en nuestro sitio [&hellip;]<\/p>\n","protected":false},"author":1,"featured_media":3963,"parent":0,"menu_order":0,"comment_status":"closed","ping_status":"closed","template":"","meta":{"_citadela_hide_page_title":"","_citadela_remove_header_space":"","_citadela_custom_class":"","_citadela_half_map_provider":"","_citadela_half_map_theme":"","_citadela_half_map_themeOSM":"","_citadela_half_map_customTheme":"","_citadela_half_map_dataType":"","_citadela_half_map_dynamicTrack":false,"_citadela_half_map_trackColor":"","_citadela_half_map_trackEndpointsColor":"","_citadela_half_map_filterCategory":"","_citadela_half_map_filterLocation":"","_citadela_half_map_filterFeatured":false,"_citadela_half_map_noDataBehavior":"empty-map","_citadela_half_map_noDataText":"","_citadela_half_map_clusterGridSize":80,"_citadela_header":false,"_citadela_header_over_content":false,"_citadela_header_text_color":"","_citadela_header_logo":[],"_citadela_header_bg_image":[],"_citadela_header_bg_position":[],"_citadela_header_bg_size":"","_citadela_header_bg_repeat":"","_citadela_header_bg_fixed":false,"_citadela_header_bg_color":"","_citadela_header_bg_image_overlay":"","_citadela_header_transparent_bg":false,"_citadela_content_width":"","_citadela_half_layout_position":"","footnotes":""},"class_list":["post-2624","page","type-page","status-publish","has-post-thumbnail","hentry"],"_links":{"self":[{"href":"https:\/\/villapatzcuaro.com\/en\/wp-json\/wp\/v2\/pages\/2624","targetHints":{"allow":["GET"]}}],"collection":[{"href":"https:\/\/villapatzcuaro.com\/en\/wp-json\/wp\/v2\/pages"}],"about":[{"href":"https:\/\/villapatzcuaro.com\/en\/wp-json\/wp\/v2\/types\/page"}],"author":[{"embeddable":true,"href":"https:\/\/villapatzcuaro.com\/en\/wp-json\/wp\/v2\/users\/1"}],"replies":[{"embeddable":true,"href":"https:\/\/villapatzcuaro.com\/en\/wp-json\/wp\/v2\/comments?post=2624"}],"version-history":[{"count":0,"href":"https:\/\/villapatzcuaro.com\/en\/wp-json\/wp\/v2\/pages\/2624\/revisions"}],"wp:featuredmedia":[{"embeddable":true,"href":"https:\/\/villapatzcuaro.com\/en\/wp-json\/wp\/v2\/media\/3963"}],"wp:attachment":[{"href":"https:\/\/villapatzcuaro.com\/en\/wp-json\/wp\/v2\/media?parent=2624"}],"curies":[{"name":"wp","href":"https:\/\/api.w.org\/{rel}","templated":true}]}}