{"id":2623,"date":"2016-07-23T21:04:31","date_gmt":"2016-07-24T02:04:31","guid":{"rendered":"http:\/\/nuevavp.villapatzcuaro.com\/?page_id=2623"},"modified":"2025-12-27T11:54:22","modified_gmt":"2025-12-27T17:54:22","slug":"tours-2","status":"publish","type":"page","link":"https:\/\/villapatzcuaro.com\/en\/tours-2\/","title":{"rendered":"Transformative Experiences: Discover the Soul of Michoac\u00e1n"},"content":{"rendered":"<p class=\"has-text-align-center\"><em>M\u00e1s que un tour, te ofrecemos una inmersi\u00f3n profunda en la historia, el misticismo y los sabores de nuestra tierra.<\/em><\/p>\n\n\n<p style=\"text-align: justify;\" data-path-to-node=\"8,0\"><b data-path-to-node=\"8,0\" data-index-in-node=\"0\">Don't be a tourist, be an honored guest.<\/b> Whether it's your first time in P\u00e1tzcuaro or you're a frequent visitor, our experiences are designed to show you the authentic side of the region. Led by the best local guides <b data-path-to-node=\"8,0\" data-index-in-node=\"242\">of Mystical P\u00e1tzcuaro<\/b>, we will take you to ancestral places, artisan workshops and secret corners where history comes to life.<\/p>\n<p style=\"text-align: justify;\" data-path-to-node=\"8,1\"><i data-path-to-node=\"8,1\" data-index-in-node=\"0\">Learn, taste and connect with the essence of Pur\u00e9pecha.<\/i><\/p>\n<p>\u00a0<\/p>\n<p><a href=\"https:\/\/www.patzcuaromistico.com\" target=\"_blank\" rel=\"noopener\"><img decoding=\"async\" class=\"aligncenter wp-image-3149 size-full lazyload\" data-src=\"http:\/\/villapatzcuaro.com\/wp-content\/smush-webp\/2018\/12\/mistico.jpg.webp\" alt=\"\" width=\"728\" height=\"90\" data-srcset=\"https:\/\/villapatzcuaro.com\/wp-content\/smush-webp\/2018\/12\/mistico.jpg.webp 728w, https:\/\/villapatzcuaro.com\/wp-content\/smush-webp\/2018\/12\/mistico-300x37.jpg.webp 300w\" data-sizes=\"(max-width: 728px) 100vw, 728px\" src=\"data:image\/svg+xml;base64,PHN2ZyB3aWR0aD0iMSIgaGVpZ2h0PSIxIiB4bWxucz0iaHR0cDovL3d3dy53My5vcmcvMjAwMC9zdmciPjwvc3ZnPg==\" style=\"--smush-placeholder-width: 728px; --smush-placeholder-aspect-ratio: 728\/90;\" data-smush-webp-fallback=\"{&quot;data-src&quot;:&quot;http:\\\/\\\/villapatzcuaro.com\\\/wp-content\\\/uploads\\\/2018\\\/12\\\/mistico.jpg&quot;,&quot;data-srcset&quot;:&quot;https:\\\/\\\/villapatzcuaro.com\\\/wp-content\\\/uploads\\\/2018\\\/12\\\/mistico.jpg 728w, https:\\\/\\\/villapatzcuaro.com\\\/wp-content\\\/uploads\\\/2018\\\/12\\\/mistico-300x37.jpg 300w&quot;}\" \/><\/a><\/p>\n\n\n<hr class=\"wp-block-separator has-alpha-channel-opacity is-style-wide\"\/>\n\n\n\n<ul class=\"wp-block-social-links aligncenter is-layout-flex wp-block-social-links-is-layout-flex\"><li class=\"wp-social-link wp-social-link-facebook  wp-block-social-link\"><a href=\"https:\/\/www.facebook.com\/VillaPatzcuaro\" class=\"wp-block-social-link-anchor\" target=\"_blank\" rel=\"noopener\"><svg width=\"24\" height=\"24\" viewbox=\"0 0 24 24\" version=\"1.1\" xmlns=\"http:\/\/www.w3.org\/2000\/svg\" aria-hidden=\"true\" focusable=\"false\"><path d=\"M12 2C6.5 2 2 6.5 2 12c0 5 3.7 9.1 8.4 9.9v-7H7.9V12h2.5V9.8c0-2.5 1.5-3.9 3.8-3.9 1.1 0 2.2.2 2.2.2v2.5h-1.3c-1.2 0-1.6.8-1.6 1.6V12h2.8l-.4 2.9h-2.3v7C18.3 21.1 22 17 22 12c0-5.5-4.5-10-10-10z\"><\/path><\/svg><span class=\"wp-block-social-link-label screen-reader-text\">Facebook<\/span><\/a><\/li>\n\n<li class=\"wp-social-link wp-social-link-instagram  wp-block-social-link\"><a href=\"https:\/\/www.instagram.com\/villapatzcuarohotel\/\" class=\"wp-block-social-link-anchor\" target=\"_blank\" rel=\"noopener\"><svg width=\"24\" height=\"24\" viewbox=\"0 0 24 24\" version=\"1.1\" xmlns=\"http:\/\/www.w3.org\/2000\/svg\" aria-hidden=\"true\" focusable=\"false\"><path d=\"M12,4.622c2.403,0,2.688,0.009,3.637,0.052c0.877,0.04,1.354,0.187,1.671,0.31c0.42,0.163,0.72,0.358,1.035,0.673 c0.315,0.315,0.51,0.615,0.673,1.035c0.123,0.317,0.27,0.794,0.31,1.671c0.043,0.949,0.052,1.234,0.052,3.637 s-0.009,2.688-0.052,3.637c-0.04,0.877-0.187,1.354-0.31,1.671c-0.163,0.42-0.358,0.72-0.673,1.035 c-0.315,0.315-0.615,0.51-1.035,0.673c-0.317,0.123-0.794,0.27-1.671,0.31c-0.949,0.043-1.233,0.052-3.637,0.052 s-2.688-0.009-3.637-0.052c-0.877-0.04-1.354-0.187-1.671-0.31c-0.42-0.163-0.72-0.358-1.035-0.673 c-0.315-0.315-0.51-0.615-0.673-1.035c-0.123-0.317-0.27-0.794-0.31-1.671C4.631,14.688,4.622,14.403,4.622,12 s0.009-2.688,0.052-3.637c0.04-0.877,0.187-1.354,0.31-1.671c0.163-0.42,0.358-0.72,0.673-1.035 c0.315-0.315,0.615-0.51,1.035-0.673c0.317-0.123,0.794-0.27,1.671-0.31C9.312,4.631,9.597,4.622,12,4.622 M12,3 C9.556,3,9.249,3.01,8.289,3.054C7.331,3.098,6.677,3.25,6.105,3.472C5.513,3.702,5.011,4.01,4.511,4.511 c-0.5,0.5-0.808,1.002-1.038,1.594C3.25,6.677,3.098,7.331,3.054,8.289C3.01,9.249,3,9.556,3,12c0,2.444,0.01,2.751,0.054,3.711 c0.044,0.958,0.196,1.612,0.418,2.185c0.23,0.592,0.538,1.094,1.038,1.594c0.5,0.5,1.002,0.808,1.594,1.038 c0.572,0.222,1.227,0.375,2.185,0.418C9.249,20.99,9.556,21,12,21s2.751-0.01,3.711-0.054c0.958-0.044,1.612-0.196,2.185-0.418 c0.592-0.23,1.094-0.538,1.594-1.038c0.5-0.5,0.808-1.002,1.038-1.594c0.222-0.572,0.375-1.227,0.418-2.185 C20.99,14.751,21,14.444,21,12s-0.01-2.751-0.054-3.711c-0.044-0.958-0.196-1.612-0.418-2.185c-0.23-0.592-0.538-1.094-1.038-1.594 c-0.5-0.5-1.002-0.808-1.594-1.038c-0.572-0.222-1.227-0.375-2.185-0.418C14.751,3.01,14.444,3,12,3L12,3z M12,7.378 c-2.552,0-4.622,2.069-4.622,4.622S9.448,16.622,12,16.622s4.622-2.069,4.622-4.622S14.552,7.378,12,7.378z M12,15 c-1.657,0-3-1.343-3-3s1.343-3,3-3s3,1.343,3,3S13.657,15,12,15z M16.804,6.116c-0.596,0-1.08,0.484-1.08,1.08 s0.484,1.08,1.08,1.08c0.596,0,1.08-0.484,1.08-1.08S17.401,6.116,16.804,6.116z\"><\/path><\/svg><span class=\"wp-block-social-link-label screen-reader-text\">Instagram<\/span><\/a><\/li>\n\n<li class=\"wp-social-link wp-social-link-x  wp-block-social-link\"><a href=\"https:\/\/x.com\/VillaPatzcuaro\" class=\"wp-block-social-link-anchor\"><svg width=\"24\" height=\"24\" viewbox=\"0 0 24 24\" version=\"1.1\" xmlns=\"http:\/\/www.w3.org\/2000\/svg\" aria-hidden=\"true\" focusable=\"false\"><path d=\"M13.982 10.622 20.54 3h-1.554l-5.693 6.618L8.745 3H3.5l6.876 10.007L3.5 21h1.554l6.012-6.989L15.868 21h5.245l-7.131-10.378Zm-2.128 2.474-.697-.997-5.543-7.93H8l4.474 6.4.697.996 5.815 8.318h-2.387l-4.745-6.787Z\" \/><\/svg><span class=\"wp-block-social-link-label screen-reader-text\">X<\/span><\/a><\/li><\/ul>\n\n\n\n<h2 class=\"wp-block-heading has-text-align-center\">Recorridos especiales P\u00e1tzcuaro M\u00edstico<\/h2>\n\n\n\n<h4 class=\"wp-block-heading\"><strong>\u2728 Freedom Moonlit Gathering (La Pacanda Island)<\/strong><\/h4>\n\n\n\n<ul class=\"wp-block-list\">\n<li><strong>The experience:<\/strong> A mystical boat trip at sunset, traditional dinner and meditation under the moon on one of the most tranquil islands in the lake.<\/li>\n\n\n\n<li><strong>Ideal for:<\/strong> Couples and seekers of spiritual peace.<\/li>\n<\/ul>\n\n\n\n<h4 class=\"wp-block-heading\"><strong>\u2b50 Starry Night (Yunu\u00e9n Island)<\/strong><\/h4>\n\n\n\n<ul class=\"wp-block-list\">\n<li><strong>The experience:<\/strong> Stargazing and traditional dinner on a uniquely charming island. Includes transportation and a specialized guide.<\/li>\n\n\n\n<li><strong>Ideal for:<\/strong> Lovers of nature and photography.<\/li>\n<\/ul>\n\n\n\n<h4 class=\"wp-block-heading\"><strong>\ud83d\udcdc Legendary P\u00e1tzcuaro<\/strong><\/h4>\n\n\n\n<ul class=\"wp-block-list\">\n<li><strong>The experience:<\/strong> A nighttime tour through the ancient streets. From the murals of Juan O\u2019Gorman to the legends that inhabit the adobe alleyways.<\/li>\n\n\n\n<li><strong>Ideal for:<\/strong> Passionate about history and mystery.<\/li>\n<\/ul>\n\n\n\n<p class=\"has-text-align-left\"><strong>How to book your experience?<\/strong> To guarantee the quality and personalization of each tour, advance booking is essential. \ud83d\udce7 <strong>Contact us:<\/strong> Send an email to <code><a href=\"mailto:info@villapatzcuaro.com\">info@villapatzcuaro.com<\/a><\/code> or ask at reception upon arrival.<\/p>\n\n\n\n<p>\ud83d\ude97 <strong>Total Comfort:<\/strong> All our special tours include transportation from your hotel door, so you can just focus on enjoying yourself.<\/p>\n\n\n\r\n        <div \r\n            class=\"wp-block-citadela-blocks ctdl-directory-items-list layout-box size-small grid-type-1 image-size-citadela_item_thumbnail image-position-center-center default-image-height show-item-featured-image show-item-description show-item-categories border-thin use-carousel carousel-navigation loading-content\"\r\n                        \t\r\n                            data-carousel=\"{&quot;pagination&quot;:false,&quot;navigation&quot;:true,&quot;autoplay&quot;:true,&quot;autoHeight&quot;:false,&quot;autoplayDelay&quot;:5,&quot;loop&quot;:true}\"\r\n                        >\r\n            \r\n                            <div class=\"citadela-loader\">\r\n                    <div class=\"inner-wrapper\">\r\n                        <i class=\"fas fa-circle-notch fa-spin\"><\/i>\r\n                    <\/div>\r\n                <\/div>\r\n            \r\n            \r\n            <div class=\"citadela-block-articles swiper-container\">\r\n               \r\n                <div class=\"citadela-block-articles-wrap swiper-wrapper\">\r\n                \r\n<article class=\"citadela-article has-thumbnail has-description has-categories swiper-slide\">\r\n\r\n\t<div class=\"item-content\" style=\"\">\r\n\t\t\t\t<div class=\"item-thumbnail\" style=\"\">\r\n\t\t\t<a href=\"https:\/\/villapatzcuaro.com\/en\/item\/experiencia-de-redescubrimiento\/\">\r\n\t\t\t\t<img decoding=\"async\" \r\n\t\t\t\t\tclass=\"item-image lazyload\"\r\n                    data-src=\"https:\/\/villapatzcuaro.com\/wp-content\/smush-webp\/2022\/12\/TaiChi-640x480.jpg.webp\"\r\n                    width=\"640\"\r\n                    height=\"480\"\r\n                    data-srcset=\"https:\/\/villapatzcuaro.com\/wp-content\/smush-webp\/2022\/12\/TaiChi-640x480.jpg.webp 640w, https:\/\/villapatzcuaro.com\/wp-content\/smush-webp\/2022\/12\/TaiChi-480x360.jpg.webp 480w\"\r\n                    data-sizes=\"(max-width: 640px) 100vw, 640px\"\r\n                    alt=\"Experiencia de redescubrimiento\"\r\n                    src=\"data:image\/svg+xml;base64,PHN2ZyB3aWR0aD0iMSIgaGVpZ2h0PSIxIiB4bWxucz0iaHR0cDovL3d3dy53My5vcmcvMjAwMC9zdmciPjwvc3ZnPg==\" style=\"--smush-placeholder-width: 640px; --smush-placeholder-aspect-ratio: 640\/480;\" data-smush-webp-fallback=\"{&quot;data-src&quot;:&quot;https:\\\/\\\/villapatzcuaro.com\\\/wp-content\\\/uploads\\\/2022\\\/12\\\/TaiChi-640x480.jpg&quot;,&quot;data-srcset&quot;:&quot;https:\\\/\\\/villapatzcuaro.com\\\/wp-content\\\/uploads\\\/2022\\\/12\\\/TaiChi-640x480.jpg 640w, https:\\\/\\\/villapatzcuaro.com\\\/wp-content\\\/uploads\\\/2022\\\/12\\\/TaiChi-480x360.jpg 480w&quot;}\" \/>\r\n\t\t\t<\/a>\r\n\t\t<\/div>\r\n\t\t\r\n\t\t<div class=\"item-body\">\r\n\t\t\t<div class=\"item-title\">\r\n\t\t\t\t<a href=\"https:\/\/villapatzcuaro.com\/en\/item\/experiencia-de-redescubrimiento\/\">\r\n\t\t\t\t\t<div class=\"item-title-wrap\">\r\n\t\t\t\t\t\t<div class=\"post-title\">Rediscovery experience<\/div>\r\n\t\t\t\t\t\t\t\t\t\t\t<\/div>\r\n\t\t\t\t<\/a>\r\n\t\t\t<\/div>\r\n\t\t\t\r\n\t\t\t\r\n\t\t\t\t\t\t<div class=\"item-text\">\r\n\t\t\t\t<div class=\"item-description\">\r\n\t\t\t\t\t<p>Be the protagonist of your own story. Learn about ancestral sites, the blend of cultures, and their spiritual nuances, while savoring Michoac\u00e1n's cuisine and enjoying moments of deep meditation and leisure. Includes: Two nights' accommodation at the Garden Hotel Villa P\u00e1tzcuaro (\u2605\u2605\u2605)\u2026<\/p>\r\n\t\t\t\t\t<a href=\"https:\/\/villapatzcuaro.com\/en\/item\/experiencia-de-redescubrimiento\/\" class=\"more\">View more<\/a>\r\n\t\t\t\t<\/div>\r\n\t\t\t<\/div>\r\n\t\t\t\t\t\t<div class=\"item-footer\" style=\"\">\r\n\t\t\t\t\t\t\t\t\t\t\t\t\t\t\t\t\t\t\t\t<div class=\"item-data categories\" style=\"\">\r\n\t\t\t\t\t<span class=\"label\">Categories<\/span>\r\n\t\t\t\t\t<span class=\"values\">\r\n\t\t\t\t\t\t\t\t\t\t\t\t    <a href=\"https:\/\/villapatzcuaro.com\/en\/cat\/patzcuaro-mistico\/\" class=\"value\" style=\"\">\r\n                                of Mystical P\u00e1tzcuaro                            <\/a>\r\n\t\t\t\t\t\t\t\t\t\t\t<\/span>\r\n\t\t\t\t<\/div>\r\n\t\t\t\t\t\t\t<\/div>\r\n\t\t<\/div>\r\n\t<\/div>\r\n\r\n<\/article>\r\n\r\n\r\n\r\n<article class=\"citadela-article has-thumbnail has-description has-categories swiper-slide\">\r\n\r\n\t<div class=\"item-content\" style=\"\">\r\n\t\t\t\t<div class=\"item-thumbnail\" style=\"\">\r\n\t\t\t<a href=\"https:\/\/villapatzcuaro.com\/en\/item\/lunada-de-la-libertad-en-isla-la-pacanda\/\">\r\n\t\t\t\t<img decoding=\"async\" \r\n\t\t\t\t\tclass=\"item-image lazyload\"\r\n                    data-src=\"https:\/\/villapatzcuaro.com\/wp-content\/smush-webp\/2022\/12\/Pacanda-9-640x480.jpg.webp\"\r\n                    width=\"640\"\r\n                    height=\"480\"\r\n                    data-srcset=\"https:\/\/villapatzcuaro.com\/wp-content\/smush-webp\/2022\/12\/Pacanda-9-640x480.jpg.webp 640w, https:\/\/villapatzcuaro.com\/wp-content\/smush-webp\/2022\/12\/Pacanda-9-480x360.jpg.webp 480w\"\r\n                    data-sizes=\"(max-width: 640px) 100vw, 640px\"\r\n                    alt=\"Lunada de la Libertad en isla la Pacanda\"\r\n                    src=\"data:image\/svg+xml;base64,PHN2ZyB3aWR0aD0iMSIgaGVpZ2h0PSIxIiB4bWxucz0iaHR0cDovL3d3dy53My5vcmcvMjAwMC9zdmciPjwvc3ZnPg==\" style=\"--smush-placeholder-width: 640px; --smush-placeholder-aspect-ratio: 640\/480;\" data-smush-webp-fallback=\"{&quot;data-src&quot;:&quot;https:\\\/\\\/villapatzcuaro.com\\\/wp-content\\\/uploads\\\/2022\\\/12\\\/Pacanda-9-640x480.jpg&quot;,&quot;data-srcset&quot;:&quot;https:\\\/\\\/villapatzcuaro.com\\\/wp-content\\\/uploads\\\/2022\\\/12\\\/Pacanda-9-640x480.jpg 640w, https:\\\/\\\/villapatzcuaro.com\\\/wp-content\\\/uploads\\\/2022\\\/12\\\/Pacanda-9-480x360.jpg 480w&quot;}\" \/>\r\n\t\t\t<\/a>\r\n\t\t<\/div>\r\n\t\t\r\n\t\t<div class=\"item-body\">\r\n\t\t\t<div class=\"item-title\">\r\n\t\t\t\t<a href=\"https:\/\/villapatzcuaro.com\/en\/item\/lunada-de-la-libertad-en-isla-la-pacanda\/\">\r\n\t\t\t\t\t<div class=\"item-title-wrap\">\r\n\t\t\t\t\t\t<div class=\"post-title\">Moonlit celebration of freedom on Pacanda Island<\/div>\r\n\t\t\t\t\t\t\t\t\t\t\t<\/div>\r\n\t\t\t\t<\/a>\r\n\t\t\t<\/div>\r\n\t\t\t\r\n\t\t\t\r\n\t\t\t\t\t\t<div class=\"item-text\">\r\n\t\t\t\t<div class=\"item-description\">\r\n\t\t\t\t\t<p>Includes: Ground transportation P\u00e1tzcuaro \u2013 departure dock \u2013 P\u00e1tzcuaro, Tour guide \/ Welcome mezcal, Boat tour on Lake P\u00e1tzcuaro, Traditional dinner at Pacanda Island. Itinerary: 6:00 PM Meeting point. 7:00 PM Departure from the Ucasanastacua dock to Pacanda Island. 7:45 PM Meditation\u2026<\/p>\r\n\t\t\t\t\t<a href=\"https:\/\/villapatzcuaro.com\/en\/item\/lunada-de-la-libertad-en-isla-la-pacanda\/\" class=\"more\">View more<\/a>\r\n\t\t\t\t<\/div>\r\n\t\t\t<\/div>\r\n\t\t\t\t\t\t<div class=\"item-footer\" style=\"\">\r\n\t\t\t\t\t\t\t\t\t\t\t\t\t\t\t\t\t\t\t\t<div class=\"item-data categories\" style=\"\">\r\n\t\t\t\t\t<span class=\"label\">Categories<\/span>\r\n\t\t\t\t\t<span class=\"values\">\r\n\t\t\t\t\t\t\t\t\t\t\t\t    <a href=\"https:\/\/villapatzcuaro.com\/en\/cat\/patzcuaro-mistico\/\" class=\"value\" style=\"\">\r\n                                of Mystical P\u00e1tzcuaro                            <\/a>\r\n\t\t\t\t\t\t\t\t\t\t\t<\/span>\r\n\t\t\t\t<\/div>\r\n\t\t\t\t\t\t\t<\/div>\r\n\t\t<\/div>\r\n\t<\/div>\r\n\r\n<\/article>\r\n\r\n\r\n\r\n<article class=\"citadela-article has-thumbnail has-description has-categories swiper-slide\">\r\n\r\n\t<div class=\"item-content\" style=\"\">\r\n\t\t\t\t<div class=\"item-thumbnail\" style=\"\">\r\n\t\t\t<a href=\"https:\/\/villapatzcuaro.com\/en\/item\/noche-de-estrellas-en-la-isla-yunuen\/\">\r\n\t\t\t\t<img decoding=\"async\" \r\n\t\t\t\t\tclass=\"item-image lazyload\"\r\n                    data-src=\"https:\/\/villapatzcuaro.com\/wp-content\/smush-webp\/2022\/12\/Yunuen-2-640x480.jpg.webp\"\r\n                    width=\"640\"\r\n                    height=\"480\"\r\n                    data-srcset=\"https:\/\/villapatzcuaro.com\/wp-content\/smush-webp\/2022\/12\/Yunuen-2-640x480.jpg.webp 640w, https:\/\/villapatzcuaro.com\/wp-content\/smush-webp\/2022\/12\/Yunuen-2-480x360.jpg.webp 480w\"\r\n                    data-sizes=\"(max-width: 640px) 100vw, 640px\"\r\n                    alt=\"Noche de estrellas en la isla Yunu\u00e9n\"\r\n                    src=\"data:image\/svg+xml;base64,PHN2ZyB3aWR0aD0iMSIgaGVpZ2h0PSIxIiB4bWxucz0iaHR0cDovL3d3dy53My5vcmcvMjAwMC9zdmciPjwvc3ZnPg==\" style=\"--smush-placeholder-width: 640px; --smush-placeholder-aspect-ratio: 640\/480;\" data-smush-webp-fallback=\"{&quot;data-src&quot;:&quot;https:\\\/\\\/villapatzcuaro.com\\\/wp-content\\\/uploads\\\/2022\\\/12\\\/Yunuen-2-640x480.jpg&quot;,&quot;data-srcset&quot;:&quot;https:\\\/\\\/villapatzcuaro.com\\\/wp-content\\\/uploads\\\/2022\\\/12\\\/Yunuen-2-640x480.jpg 640w, https:\\\/\\\/villapatzcuaro.com\\\/wp-content\\\/uploads\\\/2022\\\/12\\\/Yunuen-2-480x360.jpg 480w&quot;}\" \/>\r\n\t\t\t<\/a>\r\n\t\t<\/div>\r\n\t\t\r\n\t\t<div class=\"item-body\">\r\n\t\t\t<div class=\"item-title\">\r\n\t\t\t\t<a href=\"https:\/\/villapatzcuaro.com\/en\/item\/noche-de-estrellas-en-la-isla-yunuen\/\">\r\n\t\t\t\t\t<div class=\"item-title-wrap\">\r\n\t\t\t\t\t\t<div class=\"post-title\">Starry night on Yunu\u00e9n Island<\/div>\r\n\t\t\t\t\t\t\t\t\t\t\t<\/div>\r\n\t\t\t\t<\/a>\r\n\t\t\t<\/div>\r\n\t\t\t\r\n\t\t\t\r\n\t\t\t\t\t\t<div class=\"item-text\">\r\n\t\t\t\t<div class=\"item-description\">\r\n\t\t\t\t\t<p>Includes: Ground transportation P\u00e1tzcuaro \u2013 departure dock \u2013 P\u00e1tzcuaro, Tour guide \/ Welcome mezcal, Boat tour on Lake P\u00e1tzcuaro, Traditional dinner in Yunu\u00e9n. Itinerary: 6:00 PM Meeting point. 7:00 PM Departure from the Ucasanastacua dock to Yunu\u00e9n Island. 7:45 PM Meditation. 9:15 PM\u2026<\/p>\r\n\t\t\t\t\t<a href=\"https:\/\/villapatzcuaro.com\/en\/item\/noche-de-estrellas-en-la-isla-yunuen\/\" class=\"more\">View more<\/a>\r\n\t\t\t\t<\/div>\r\n\t\t\t<\/div>\r\n\t\t\t\t\t\t<div class=\"item-footer\" style=\"\">\r\n\t\t\t\t\t\t\t\t\t\t\t\t\t\t\t\t\t\t\t\t<div class=\"item-data categories\" style=\"\">\r\n\t\t\t\t\t<span class=\"label\">Categories<\/span>\r\n\t\t\t\t\t<span class=\"values\">\r\n\t\t\t\t\t\t\t\t\t\t\t\t    <a href=\"https:\/\/villapatzcuaro.com\/en\/cat\/patzcuaro-mistico\/\" class=\"value\" style=\"\">\r\n                                of Mystical P\u00e1tzcuaro                            <\/a>\r\n\t\t\t\t\t\t\t\t\t\t\t<\/span>\r\n\t\t\t\t<\/div>\r\n\t\t\t\t\t\t\t<\/div>\r\n\t\t<\/div>\r\n\t<\/div>\r\n\r\n<\/article>\r\n\r\n\r\n\r\n<article class=\"citadela-article has-thumbnail has-description has-categories swiper-slide\">\r\n\r\n\t<div class=\"item-content\" style=\"\">\r\n\t\t\t\t<div class=\"item-thumbnail\" style=\"\">\r\n\t\t\t<a href=\"https:\/\/villapatzcuaro.com\/en\/item\/patzcuaro-legendario\/\">\r\n\t\t\t\t<img decoding=\"async\" \r\n\t\t\t\t\tclass=\"item-image lazyload\"\r\n                    data-src=\"https:\/\/villapatzcuaro.com\/wp-content\/smush-webp\/2022\/12\/wpid-photo-15-aug-2012-1501-640x480.jpg.webp\"\r\n                    width=\"640\"\r\n                    height=\"480\"\r\n                    data-srcset=\"https:\/\/villapatzcuaro.com\/wp-content\/smush-webp\/2022\/12\/wpid-photo-15-aug-2012-1501-640x480.jpg.webp 640w, https:\/\/villapatzcuaro.com\/wp-content\/smush-webp\/2022\/12\/wpid-photo-15-aug-2012-1501-480x360.jpg.webp 480w\"\r\n                    data-sizes=\"(max-width: 640px) 100vw, 640px\"\r\n                    alt=\"P\u00e1tzcuaro Legendario\"\r\n                    src=\"data:image\/svg+xml;base64,PHN2ZyB3aWR0aD0iMSIgaGVpZ2h0PSIxIiB4bWxucz0iaHR0cDovL3d3dy53My5vcmcvMjAwMC9zdmciPjwvc3ZnPg==\" style=\"--smush-placeholder-width: 640px; --smush-placeholder-aspect-ratio: 640\/480;\" data-smush-webp-fallback=\"{&quot;data-src&quot;:&quot;https:\\\/\\\/villapatzcuaro.com\\\/wp-content\\\/uploads\\\/2022\\\/12\\\/wpid-photo-15-aug-2012-1501-640x480.jpg&quot;,&quot;data-srcset&quot;:&quot;https:\\\/\\\/villapatzcuaro.com\\\/wp-content\\\/uploads\\\/2022\\\/12\\\/wpid-photo-15-aug-2012-1501-640x480.jpg 640w, https:\\\/\\\/villapatzcuaro.com\\\/wp-content\\\/uploads\\\/2022\\\/12\\\/wpid-photo-15-aug-2012-1501-480x360.jpg 480w&quot;}\" \/>\r\n\t\t\t<\/a>\r\n\t\t<\/div>\r\n\t\t\r\n\t\t<div class=\"item-body\">\r\n\t\t\t<div class=\"item-title\">\r\n\t\t\t\t<a href=\"https:\/\/villapatzcuaro.com\/en\/item\/patzcuaro-legendario\/\">\r\n\t\t\t\t\t<div class=\"item-title-wrap\">\r\n\t\t\t\t\t\t<div class=\"post-title\">Legendary P\u00e1tzcuaro<\/div>\r\n\t\t\t\t\t\t\t\t\t\t\t<\/div>\r\n\t\t\t\t<\/a>\r\n\t\t\t<\/div>\r\n\t\t\t\r\n\t\t\t\r\n\t\t\t\t\t\t<div class=\"item-text\">\r\n\t\t\t\t<div class=\"item-description\">\r\n\t\t\t\t\t<p>Discover the mysteries and legends of P\u00e1tzcuaro on a nighttime tour that begins with a visit to and explanation of Juan O'Gorman's murals at the Gertrudis Bocanegra Public Library. Stroll through the city's ancient streets while listening to tales of its rich past.<\/p>\r\n\t\t\t\t\t<a href=\"https:\/\/villapatzcuaro.com\/en\/item\/patzcuaro-legendario\/\" class=\"more\">View more<\/a>\r\n\t\t\t\t<\/div>\r\n\t\t\t<\/div>\r\n\t\t\t\t\t\t<div class=\"item-footer\" style=\"\">\r\n\t\t\t\t\t\t\t\t\t\t\t\t\t\t\t\t\t\t\t\t<div class=\"item-data categories\" style=\"\">\r\n\t\t\t\t\t<span class=\"label\">Categories<\/span>\r\n\t\t\t\t\t<span class=\"values\">\r\n\t\t\t\t\t\t\t\t\t\t\t\t    <a href=\"https:\/\/villapatzcuaro.com\/en\/cat\/patzcuaro-mistico\/\" class=\"value\" style=\"\">\r\n                                of Mystical P\u00e1tzcuaro                            <\/a>\r\n\t\t\t\t\t\t\t\t\t\t\t<\/span>\r\n\t\t\t\t<\/div>\r\n\t\t\t\t\t\t\t<\/div>\r\n\t\t<\/div>\r\n\t<\/div>\r\n\r\n<\/article>\r\n\r\n\r\n                <\/div>\r\n\r\n                <div class=\"citadela-block-pagination-wrap\">\r\n    <div class=\"citadela-block-pagination\">\r\n        <span aria-current=\"page\" class=\"page-numbers current\">1<\/span>\n<a class=\"page-numbers\" href=\"https:\/\/villapatzcuaro.com\/en\/wp-json\/wp\/v2\/pages\/2623\/page\/2\/\">2<\/a>\n<a class=\"next page-numbers\" href=\"https:\/\/villapatzcuaro.com\/en\/wp-json\/wp\/v2\/pages\/2623\/page\/2\/\">Next \u00bb<\/a>    <\/div>\r\n<\/div>\r\n                \r\n            <\/div>\r\n            \r\n                                                <div class=\"carousel-navigation-wrapper\" >\r\n                        <div class=\"carousel-button-prev\"><i class=\"fas fa-chevron-left\"><\/i><\/div>\r\n                        <div class=\"carousel-button-next\"><i class=\"fas fa-chevron-right\"><\/i><\/div>\r\n                    <\/div>\r\n                                \r\n                        \r\n        <\/div>","protected":false},"excerpt":{"rendered":"<p>M\u00e1s que un tour, te ofrecemos una inmersi\u00f3n profunda en la historia, el misticismo y los sabores de nuestra tierra. No seas un turista, s\u00e9 un invitado de honor. Ya [&hellip;]<\/p>\n","protected":false},"author":1,"featured_media":3914,"parent":0,"menu_order":0,"comment_status":"closed","ping_status":"closed","template":"page-templates\/right-sidebar.php","meta":{"_citadela_hide_page_title":"","_citadela_remove_header_space":"","_citadela_custom_class":"","_citadela_half_map_provider":"","_citadela_half_map_theme":"","_citadela_half_map_themeOSM":"","_citadela_half_map_customTheme":"","_citadela_half_map_dataType":"","_citadela_half_map_dynamicTrack":false,"_citadela_half_map_trackColor":"","_citadela_half_map_trackEndpointsColor":"","_citadela_half_map_filterCategory":"","_citadela_half_map_filterLocation":"","_citadela_half_map_filterFeatured":false,"_citadela_half_map_noDataBehavior":"empty-map","_citadela_half_map_noDataText":"","_citadela_half_map_clusterGridSize":80,"_citadela_header":false,"_citadela_header_over_content":false,"_citadela_header_text_color":"","_citadela_header_logo":[],"_citadela_header_bg_image":[],"_citadela_header_bg_position":[],"_citadela_header_bg_size":"","_citadela_header_bg_repeat":"","_citadela_header_bg_fixed":false,"_citadela_header_bg_color":"","_citadela_header_bg_image_overlay":"","_citadela_header_transparent_bg":false,"_citadela_content_width":"","_citadela_half_layout_position":"","footnotes":""},"class_list":["post-2623","page","type-page","status-publish","has-post-thumbnail","hentry"],"_links":{"self":[{"href":"https:\/\/villapatzcuaro.com\/en\/wp-json\/wp\/v2\/pages\/2623","targetHints":{"allow":["GET"]}}],"collection":[{"href":"https:\/\/villapatzcuaro.com\/en\/wp-json\/wp\/v2\/pages"}],"about":[{"href":"https:\/\/villapatzcuaro.com\/en\/wp-json\/wp\/v2\/types\/page"}],"author":[{"embeddable":true,"href":"https:\/\/villapatzcuaro.com\/en\/wp-json\/wp\/v2\/users\/1"}],"replies":[{"embeddable":true,"href":"https:\/\/villapatzcuaro.com\/en\/wp-json\/wp\/v2\/comments?post=2623"}],"version-history":[{"count":0,"href":"https:\/\/villapatzcuaro.com\/en\/wp-json\/wp\/v2\/pages\/2623\/revisions"}],"wp:featuredmedia":[{"embeddable":true,"href":"https:\/\/villapatzcuaro.com\/en\/wp-json\/wp\/v2\/media\/3914"}],"wp:attachment":[{"href":"https:\/\/villapatzcuaro.com\/en\/wp-json\/wp\/v2\/media?parent=2623"}],"curies":[{"name":"wp","href":"https:\/\/api.w.org\/{rel}","templated":true}]}}